{"id":316,"date":"2024-05-07T14:15:44","date_gmt":"2024-05-07T18:15:44","guid":{"rendered":"https:\/\/www.otg.bluehat.hosting\/services-fr\/counselling-psychotherapy\/"},"modified":"2024-06-28T12:22:28","modified_gmt":"2024-06-28T16:22:28","slug":"counseling-psychotherapie","status":"publish","type":"page","link":"https:\/\/www.otg.bluehat.hosting\/fr\/services-fr\/counseling-psychotherapie\/","title":{"rendered":"COUNSELING ET PSYCHOTH\u00c9RAPIE"},"content":{"rendered":"<p><div class=\"fusion-fullwidth fullwidth-box fusion-builder-row-1 fusion-flex-container has-pattern-background has-mask-background nonhundred-percent-fullwidth non-hundred-percent-height-scrolling\" style=\"--awb-border-radius-top-left:0px;--awb-border-radius-top-right:0px;--awb-border-radius-bottom-right:0px;--awb-border-radius-bottom-left:0px;--awb-padding-top:70px;--awb-padding-bottom:70px;--awb-flex-wrap:wrap;\" ><div class=\"fusion-builder-row fusion-row fusion-flex-align-items-center fusion-flex-justify-content-center fusion-flex-content-wrap\" style=\"max-width:1248px;margin-left: calc(-4% \/ 2 );margin-right: calc(-4% \/ 2 );\"><div class=\"fusion-layout-column fusion_builder_column fusion-builder-column-0 fusion_builder_column_1_2 1_2 fusion-flex-column\" style=\"--awb-bg-size:cover;--awb-width-large:50%;--awb-margin-top-large:0px;--awb-spacing-right-large:3.84%;--awb-margin-bottom-large:20px;--awb-spacing-left-large:3.84%;--awb-width-medium:50%;--awb-order-medium:0;--awb-spacing-right-medium:3.84%;--awb-spacing-left-medium:3.84%;--awb-width-small:100%;--awb-order-small:0;--awb-spacing-right-small:1.92%;--awb-spacing-left-small:1.92%;\" data-scroll-devices=\"small-visibility,medium-visibility,large-visibility\"><div class=\"fusion-column-wrapper fusion-column-has-shadow fusion-flex-justify-content-flex-start fusion-content-layout-column\"><div class=\"fusion-title title fusion-title-1 fusion-sep-none fusion-title-text fusion-title-size-two\" style=\"--awb-text-color:var(--awb-color5);--awb-sep-color:var(--awb-color8);\"><h2 class=\"fusion-title-heading title-heading-left\" style=\"font-family:&quot;Oswald&quot;;font-style:normal;font-weight:400;margin:0;\">Couseling Et Psychoth\u00e9rapie<\/h2><\/div><div class=\"fusion-text fusion-text-1\" style=\"--awb-content-alignment:left;\"><div class=\"uk-panel uk-margin\">\n<p>Nous offrons des services de counseling et de psychoth\u00e9rapie confidentiels, empathiques, professionnels et fond\u00e9s sur des preuves. Nous sommes membres de l&rsquo;Ordre des psychologues de l&rsquo;Ontario ou de l&rsquo;Ordre des psychoth\u00e9rapeutes autoris\u00e9s de l&rsquo;Ontario. Nous offrons des services aux individus, aux couples, aux familles et aux enfants.<\/p>\n<p>Tous nos psychoth\u00e9rapeutes sont supervis\u00e9s par un psychologue et seront en mesure d&rsquo;\u00e9mettre des re\u00e7us pouvant \u00eatre utilis\u00e9s pour le remboursement de la couverture d&rsquo;assurance (veuillez v\u00e9rifier aupr\u00e8s de votre compagnie d&rsquo;assurance).<\/p>\n<\/div>\n<\/div><\/div><\/div><div class=\"fusion-layout-column fusion_builder_column fusion-builder-column-1 fusion_builder_column_1_2 1_2 fusion-flex-column fusion-column-inner-bg-wrapper fusion-column-liftup-border\" style=\"--awb-inner-bg-size:cover;--awb-width-large:50%;--awb-margin-top-large:0px;--awb-spacing-right-large:3.84%;--awb-margin-bottom-large:20px;--awb-spacing-left-large:3.84%;--awb-width-medium:50%;--awb-order-medium:0;--awb-spacing-right-medium:3.84%;--awb-spacing-left-medium:3.84%;--awb-width-small:100%;--awb-order-small:0;--awb-spacing-right-small:1.92%;--awb-spacing-left-small:1.92%;\" data-scroll-devices=\"small-visibility,medium-visibility,large-visibility\"><span class=\"fusion-column-inner-bg hover-type-liftup\"><span class=\"fusion-column-anchor\"><span class=\"fusion-column-inner-bg-image\"><\/span><\/span><\/span><div class=\"fusion-column-wrapper fusion-flex-justify-content-flex-start fusion-content-layout-column\"><div class=\"fusion-image-element \" style=\"--awb-caption-title-font-family:var(--h2_typography-font-family);--awb-caption-title-font-weight:var(--h2_typography-font-weight);--awb-caption-title-font-style:var(--h2_typography-font-style);--awb-caption-title-size:var(--h2_typography-font-size);--awb-caption-title-transform:var(--h2_typography-text-transform);--awb-caption-title-line-height:var(--h2_typography-line-height);--awb-caption-title-letter-spacing:var(--h2_typography-letter-spacing);\"><span class=\" fusion-imageframe imageframe-none imageframe-1 hover-type-none\"><img decoding=\"async\" width=\"1480\" height=\"986\" alt=\"COUNSELLING AND PSYCHOTHERAPY\" title=\"i-always-feel-relieved-after-session-with-you_637285-9953\" src=\"https:\/\/www.otg.bluehat.hosting\/wp-content\/uploads\/2024\/05\/i-always-feel-relieved-after-session-with-you_637285-9953.jpg\" class=\"img-responsive wp-image-301\" srcset=\"https:\/\/www.otg.bluehat.hosting\/wp-content\/uploads\/2024\/05\/i-always-feel-relieved-after-session-with-you_637285-9953-200x133.jpg 200w, https:\/\/www.otg.bluehat.hosting\/wp-content\/uploads\/2024\/05\/i-always-feel-relieved-after-session-with-you_637285-9953-400x266.jpg 400w, https:\/\/www.otg.bluehat.hosting\/wp-content\/uploads\/2024\/05\/i-always-feel-relieved-after-session-with-you_637285-9953-600x400.jpg 600w, https:\/\/www.otg.bluehat.hosting\/wp-content\/uploads\/2024\/05\/i-always-feel-relieved-after-session-with-you_637285-9953-800x533.jpg 800w, https:\/\/www.otg.bluehat.hosting\/wp-content\/uploads\/2024\/05\/i-always-feel-relieved-after-session-with-you_637285-9953-1200x799.jpg 1200w, https:\/\/www.otg.bluehat.hosting\/wp-content\/uploads\/2024\/05\/i-always-feel-relieved-after-session-with-you_637285-9953.jpg 1480w\" sizes=\"(max-width: 640px) 100vw, 600px\" \/><\/span><\/div><\/div><\/div><\/div><\/div><div class=\"fusion-fullwidth fullwidth-box fusion-builder-row-2 fusion-flex-container has-pattern-background has-mask-background nonhundred-percent-fullwidth non-hundred-percent-height-scrolling\" style=\"--awb-border-radius-top-left:0px;--awb-border-radius-top-right:0px;--awb-border-radius-bottom-right:0px;--awb-border-radius-bottom-left:0px;--awb-padding-top:60px;--awb-padding-bottom:60px;--awb-background-color:var(--awb-color2);--awb-flex-wrap:wrap;\" ><div class=\"fusion-builder-row fusion-row fusion-flex-align-items-flex-start fusion-flex-content-wrap\" style=\"max-width:1248px;margin-left: calc(-4% \/ 2 );margin-right: calc(-4% \/ 2 );\"><div class=\"fusion-layout-column fusion_builder_column fusion-builder-column-2 fusion_builder_column_1_1 1_1 fusion-flex-column\" style=\"--awb-bg-size:cover;--awb-width-large:100%;--awb-margin-top-large:0px;--awb-spacing-right-large:1.92%;--awb-margin-bottom-large:20px;--awb-spacing-left-large:1.92%;--awb-width-medium:100%;--awb-order-medium:0;--awb-spacing-right-medium:1.92%;--awb-spacing-left-medium:1.92%;--awb-width-small:100%;--awb-order-small:0;--awb-spacing-right-small:1.92%;--awb-spacing-left-small:1.92%;\"><div class=\"fusion-column-wrapper fusion-column-has-shadow fusion-flex-justify-content-flex-start fusion-content-layout-column\"><div class=\"fusion-title title fusion-title-2 fusion-sep-none fusion-title-text fusion-title-size-four\" style=\"--awb-text-color:var(--awb-color7);--awb-sep-color:var(--awb-color8);\"><h4 class=\"fusion-title-heading title-heading-left\" style=\"font-family:&quot;Oswald&quot;;font-style:normal;font-weight:400;margin:0;\">Nous traitons un large \u00e9ventail de probl\u00e8mes cliniques, notamment (mais pas exclusivement):<\/h4><\/div><div class=\"fusion-separator fusion-full-width-sep\" style=\"align-self: center;margin-left: auto;margin-right: auto;margin-top:30px;width:100%;\"><\/div><\/div><\/div><div class=\"fusion-layout-column fusion_builder_column fusion-builder-column-3 fusion_builder_column_1_3 1_3 fusion-flex-column\" style=\"--awb-bg-size:cover;--awb-width-large:33.333333333333%;--awb-margin-top-large:0px;--awb-spacing-right-large:5.76%;--awb-margin-bottom-large:20px;--awb-spacing-left-large:5.76%;--awb-width-medium:33.333333333333%;--awb-order-medium:0;--awb-spacing-right-medium:5.76%;--awb-spacing-left-medium:5.76%;--awb-width-small:100%;--awb-order-small:0;--awb-spacing-right-small:1.92%;--awb-spacing-left-small:1.92%;\"><div class=\"fusion-column-wrapper fusion-column-has-shadow fusion-flex-justify-content-flex-start fusion-content-layout-column\"><ul style=\"--awb-line-height:27.2px;--awb-icon-width:27.2px;--awb-icon-height:27.2px;--awb-icon-margin:11.2px;--awb-content-margin:38.4px;--awb-circlecolor:var(--awb-color4);--awb-circle-yes-font-size:14.08px;\" class=\"fusion-checklist fusion-checklist-1 fusion-checklist-default type-icons\"><li class=\"fusion-li-item\" style=\"\"><span class=\"icon-wrapper circle-yes\"><i class=\"fusion-li-icon fa-check fas\" aria-hidden=\"true\"><\/i><\/span><div class=\"fusion-li-item-content\">Accumulation compulsive (hoarding)<\/div><\/li><li class=\"fusion-li-item\" style=\"\"><span class=\"icon-wrapper circle-yes\"><i class=\"fusion-li-icon fa-check fas\" aria-hidden=\"true\"><\/i><\/span><div class=\"fusion-li-item-content\">Affirmation de soi<\/div><\/li><li class=\"fusion-li-item\" style=\"\"><span class=\"icon-wrapper circle-yes\"><i class=\"fusion-li-icon fa-check fas\" aria-hidden=\"true\"><\/i><\/span><div class=\"fusion-li-item-content\">Anxi\u00e9t\u00e9<\/div><\/li><li class=\"fusion-li-item\" style=\"\"><span class=\"icon-wrapper circle-yes\"><i class=\"fusion-li-icon fa-check fas\" aria-hidden=\"true\"><\/i><\/span><div class=\"fusion-li-item-content\">Anxi\u00e9t\u00e9 li\u00e9e \u00e0 la sant\u00e9<\/div><\/li><li class=\"fusion-li-item\" style=\"\"><span class=\"icon-wrapper circle-yes\"><i class=\"fusion-li-icon fa-check fas\" aria-hidden=\"true\"><\/i><\/span><div class=\"fusion-li-item-content\">Attaques de panique et troubles de panique<\/div><\/li><li class=\"fusion-li-item\" style=\"\"><span class=\"icon-wrapper circle-yes\"><i class=\"fusion-li-icon fa-check fas\" aria-hidden=\"true\"><\/i><\/span><div class=\"fusion-li-item-content\">Automutilation<\/div><\/li><li class=\"fusion-li-item\" style=\"\"><span class=\"icon-wrapper circle-yes\"><i class=\"fusion-li-icon fa-check fas\" aria-hidden=\"true\"><\/i><\/span><div class=\"fusion-li-item-content\">Consommation de substances (par exemple, alcool, drogues)<\/div><\/li><li class=\"fusion-li-item\" style=\"\"><span class=\"icon-wrapper circle-yes\"><i class=\"fusion-li-icon fa-check fas\" aria-hidden=\"true\"><\/i><\/span><div class=\"fusion-li-item-content\">D\u00e9pression<\/div><\/li><li class=\"fusion-li-item\" style=\"\"><span class=\"icon-wrapper circle-yes\"><i class=\"fusion-li-icon fa-check fas\" aria-hidden=\"true\"><\/i><\/span><div class=\"fusion-li-item-content\">Douleur<\/div><\/li><li class=\"fusion-li-item\" style=\"\"><span class=\"icon-wrapper circle-yes\"><i class=\"fusion-li-icon fa-check fas\" aria-hidden=\"true\"><\/i><\/span><div class=\"fusion-li-item-content\">Gestion de la col\u00e8re<\/div><\/li><\/ul><\/div><\/div><div class=\"fusion-layout-column fusion_builder_column fusion-builder-column-4 fusion_builder_column_1_3 1_3 fusion-flex-column\" style=\"--awb-bg-size:cover;--awb-width-large:33.333333333333%;--awb-margin-top-large:0px;--awb-spacing-right-large:5.76%;--awb-margin-bottom-large:20px;--awb-spacing-left-large:5.76%;--awb-width-medium:33.333333333333%;--awb-order-medium:0;--awb-spacing-right-medium:5.76%;--awb-spacing-left-medium:5.76%;--awb-width-small:100%;--awb-order-small:0;--awb-spacing-right-small:1.92%;--awb-spacing-left-small:1.92%;\"><div class=\"fusion-column-wrapper fusion-column-has-shadow fusion-flex-justify-content-flex-start fusion-content-layout-column\"><ul style=\"--awb-line-height:27.2px;--awb-icon-width:27.2px;--awb-icon-height:27.2px;--awb-icon-margin:11.2px;--awb-content-margin:38.4px;--awb-circlecolor:var(--awb-color4);--awb-circle-yes-font-size:14.08px;\" class=\"fusion-checklist fusion-checklist-2 fusion-checklist-default type-icons\"><li class=\"fusion-li-item\" style=\"\"><span class=\"icon-wrapper circle-yes\"><i class=\"fusion-li-icon fa-check fas\" aria-hidden=\"true\"><\/i><\/span><div class=\"fusion-li-item-content\">Le deuil<\/div><\/li><li class=\"fusion-li-item\" style=\"\"><span class=\"icon-wrapper circle-yes\"><i class=\"fusion-li-icon fa-check fas\" aria-hidden=\"true\"><\/i><\/span><div class=\"fusion-li-item-content\">Le trouble bipolaire<\/div><\/li><li class=\"fusion-li-item\" style=\"\"><span class=\"icon-wrapper circle-yes\"><i class=\"fusion-li-icon fa-check fas\" aria-hidden=\"true\"><\/i><\/span><div class=\"fusion-li-item-content\">Pens\u00e9es suicidaires<\/div><\/li><li class=\"fusion-li-item\" style=\"\"><span class=\"icon-wrapper circle-yes\"><i class=\"fusion-li-icon fa-check fas\" aria-hidden=\"true\"><\/i><\/span><div class=\"fusion-li-item-content\">Perfectionnisme<\/div><\/li><li class=\"fusion-li-item\" style=\"\"><span class=\"icon-wrapper circle-yes\"><i class=\"fusion-li-icon fa-check fas\" aria-hidden=\"true\"><\/i><\/span><div class=\"fusion-li-item-content\">Phobies (par exemple, les hauteurs)<\/div><\/li><li class=\"fusion-li-item\" style=\"\"><span class=\"icon-wrapper circle-yes\"><i class=\"fusion-li-icon fa-check fas\" aria-hidden=\"true\"><\/i><\/span><div class=\"fusion-li-item-content\">Probl\u00e8mes d&rsquo;estime de soi<\/div><\/li><li class=\"fusion-li-item\" style=\"\"><span class=\"icon-wrapper circle-yes\"><i class=\"fusion-li-icon fa-check fas\" aria-hidden=\"true\"><\/i><\/span><div class=\"fusion-li-item-content\">Probl\u00e8mes de sant\u00e9 chroniques\/aigus<\/div><\/li><li class=\"fusion-li-item\" style=\"\"><span class=\"icon-wrapper circle-yes\"><i class=\"fusion-li-icon fa-check fas\" aria-hidden=\"true\"><\/i><\/span><div class=\"fusion-li-item-content\">Probl\u00e8mes interpersonnels<\/div><\/li><li class=\"fusion-li-item\" style=\"\"><span class=\"icon-wrapper circle-yes\"><i class=\"fusion-li-icon fa-check fas\" aria-hidden=\"true\"><\/i><\/span><div class=\"fusion-li-item-content\">Procrastination<\/div><\/li><li class=\"fusion-li-item\" style=\"\"><span class=\"icon-wrapper circle-yes\"><i class=\"fusion-li-icon fa-check fas\" aria-hidden=\"true\"><\/i><\/span><div class=\"fusion-li-item-content\">Questions relatives \u00e0 la sexualit\u00e9<\/div><\/li><\/ul><\/div><\/div><div class=\"fusion-layout-column fusion_builder_column fusion-builder-column-5 fusion_builder_column_1_3 1_3 fusion-flex-column\" style=\"--awb-bg-size:cover;--awb-width-large:33.333333333333%;--awb-margin-top-large:0px;--awb-spacing-right-large:5.76%;--awb-margin-bottom-large:20px;--awb-spacing-left-large:5.76%;--awb-width-medium:33.333333333333%;--awb-order-medium:0;--awb-spacing-right-medium:5.76%;--awb-spacing-left-medium:5.76%;--awb-width-small:100%;--awb-order-small:0;--awb-spacing-right-small:1.92%;--awb-spacing-left-small:1.92%;\"><div class=\"fusion-column-wrapper fusion-column-has-shadow fusion-flex-justify-content-flex-start fusion-content-layout-column\"><ul style=\"--awb-line-height:27.2px;--awb-icon-width:27.2px;--awb-icon-height:27.2px;--awb-icon-margin:11.2px;--awb-content-margin:38.4px;--awb-circlecolor:var(--awb-color4);--awb-circle-yes-font-size:14.08px;\" class=\"fusion-checklist fusion-checklist-3 fusion-checklist-default type-icons\"><li class=\"fusion-li-item\" style=\"\"><span class=\"icon-wrapper circle-yes\"><i class=\"fusion-li-icon fa-check fas\" aria-hidden=\"true\"><\/i><\/span><div class=\"fusion-li-item-content\">Stress au travail<\/div><\/li><li class=\"fusion-li-item\" style=\"\"><span class=\"icon-wrapper circle-yes\"><i class=\"fusion-li-icon fa-check fas\" aria-hidden=\"true\"><\/i><\/span><div class=\"fusion-li-item-content\">Trouble de stress post-traumatique<\/div><\/li><li class=\"fusion-li-item\" style=\"\"><span class=\"icon-wrapper circle-yes\"><i class=\"fusion-li-icon fa-check fas\" aria-hidden=\"true\"><\/i><\/span><div class=\"fusion-li-item-content\">Transitions de vie (par exemple, divorce, parentalit\u00e9, retraite)<\/div><\/li><li class=\"fusion-li-item\" style=\"\"><span class=\"icon-wrapper circle-yes\"><i class=\"fusion-li-icon fa-check fas\" aria-hidden=\"true\"><\/i><\/span><div class=\"fusion-li-item-content\">Trouble d&rsquo;anxi\u00e9t\u00e9 g\u00e9n\u00e9ralis\u00e9e<\/div><\/li><li class=\"fusion-li-item\" style=\"\"><span class=\"icon-wrapper circle-yes\"><i class=\"fusion-li-icon fa-check fas\" aria-hidden=\"true\"><\/i><\/span><div class=\"fusion-li-item-content\">Trouble d&rsquo;anxi\u00e9t\u00e9 sociale<\/div><\/li><li class=\"fusion-li-item\" style=\"\"><span class=\"icon-wrapper circle-yes\"><i class=\"fusion-li-icon fa-check fas\" aria-hidden=\"true\"><\/i><\/span><div class=\"fusion-li-item-content\">Trouble de la personnalit\u00e9 limite (TPL)<\/div><\/li><li class=\"fusion-li-item\" style=\"\"><span class=\"icon-wrapper circle-yes\"><i class=\"fusion-li-icon fa-check fas\" aria-hidden=\"true\"><\/i><\/span><div class=\"fusion-li-item-content\">Trouble obsessionnel-compulsif<\/div><\/li><li class=\"fusion-li-item\" style=\"\"><span class=\"icon-wrapper circle-yes\"><i class=\"fusion-li-icon fa-check fas\" aria-hidden=\"true\"><\/i><\/span><div class=\"fusion-li-item-content\">Troubles de l&rsquo;adaptation<\/div><\/li><li class=\"fusion-li-item\" style=\"\"><span class=\"icon-wrapper circle-yes\"><i class=\"fusion-li-icon fa-check fas\" aria-hidden=\"true\"><\/i><\/span><div class=\"fusion-li-item-content\">Troubles dysmorphiques du corps<\/div><\/li><\/ul><\/div><\/div><div class=\"fusion-layout-column fusion_builder_column fusion-builder-column-6 fusion_builder_column_1_1 1_1 fusion-flex-column\" style=\"--awb-bg-size:cover;--awb-width-large:100%;--awb-margin-top-large:0px;--awb-spacing-right-large:1.92%;--awb-margin-bottom-large:20px;--awb-spacing-left-large:1.92%;--awb-width-medium:100%;--awb-order-medium:0;--awb-spacing-right-medium:1.92%;--awb-spacing-left-medium:1.92%;--awb-width-small:100%;--awb-order-small:0;--awb-spacing-right-small:1.92%;--awb-spacing-left-small:1.92%;\"><div class=\"fusion-column-wrapper fusion-column-has-shadow fusion-flex-justify-content-flex-start fusion-content-layout-column\"><div class=\"fusion-separator fusion-full-width-sep\" style=\"align-self: center;margin-left: auto;margin-right: auto;margin-top:30px;width:100%;\"><\/div><div class=\"fusion-text fusion-text-2\"><p>Nos th\u00e9rapeutes utilisent un large \u00e9ventail d&rsquo;approches, notamment (mais pas exclusivement)\u00a0<a title=\"cognitive behavioural therapy\" contenteditable=\"false\" href=\"\/fr\/la-therapie-cognitivo-comportementale\/\">la th\u00e9rapie cognitivo-comportementale<\/a>, la psychoth\u00e9rapie interpersonnelle, les approches de th\u00e9rapie br\u00e8ve centr\u00e9es sur les solutions, les approches humanistes et psychodynamiques.<\/p>\n<\/div><\/div><\/div><\/div><\/div><\/p>\n","protected":false},"excerpt":{"rendered":"","protected":false},"author":1,"featured_media":0,"parent":270,"menu_order":0,"comment_status":"closed","ping_status":"closed","template":"100-width.php","meta":{"footnotes":""},"yoast_head":"<!-- This site is optimized with the Yoast SEO plugin v24.5 - https:\/\/yoast.com\/wordpress\/plugins\/seo\/ -->\n<title>Counseling et psychoth\u00e9rapie - Ottawa Therapy Group<\/title>\n<meta name=\"description\" content=\"Explorez les services de counseling et psychoth\u00e9rapie chez OTG. Soins de qualit\u00e9 pour am\u00e9liorer votre bien-\u00eatre mental. Planifiez une session aujourd&#039;hui.\" \/>\n<meta name=\"robots\" content=\"noindex, follow, max-snippet:-1, max-image-preview:large, max-video-preview:-1\" \/>\n<meta property=\"og:locale\" content=\"fr_CA\" \/>\n<meta property=\"og:type\" content=\"article\" \/>\n<meta property=\"og:title\" content=\"Counseling et psychoth\u00e9rapie - Ottawa Therapy Group\" \/>\n<meta property=\"og:description\" content=\"Explorez les services de counseling et psychoth\u00e9rapie chez OTG. Soins de qualit\u00e9 pour am\u00e9liorer votre bien-\u00eatre mental. Planifiez une session aujourd&#039;hui.\" \/>\n<meta property=\"og:url\" content=\"https:\/\/www.otg.bluehat.hosting\/fr\/services-fr\/counseling-psychotherapie\/\" \/>\n<meta property=\"og:site_name\" content=\"Excellence in Psychotherapy - Ottawa Therapy Group\" \/>\n<meta property=\"article:modified_time\" content=\"2024-06-28T16:22:28+00:00\" \/>\n<meta name=\"twitter:card\" content=\"summary_large_image\" \/>\n<meta name=\"twitter:label1\" content=\"Estimation du temps de lecture\" \/>\n\t<meta name=\"twitter:data1\" content=\"2 minutes\" \/>\n<script type=\"application\/ld+json\" class=\"yoast-schema-graph\">{\"@context\":\"https:\/\/schema.org\",\"@graph\":[{\"@type\":\"WebPage\",\"@id\":\"https:\/\/www.otg.bluehat.hosting\/fr\/services-fr\/counseling-psychotherapie\/\",\"url\":\"https:\/\/www.otg.bluehat.hosting\/fr\/services-fr\/counseling-psychotherapie\/\",\"name\":\"Counseling et psychoth\u00e9rapie - Ottawa Therapy Group\",\"isPartOf\":{\"@id\":\"https:\/\/www.otg.bluehat.hosting\/fr\/#website\"},\"datePublished\":\"2024-05-07T18:15:44+00:00\",\"dateModified\":\"2024-06-28T16:22:28+00:00\",\"description\":\"Explorez les services de counseling et psychoth\u00e9rapie chez OTG. Soins de qualit\u00e9 pour am\u00e9liorer votre bien-\u00eatre mental. Planifiez une session aujourd'hui.\",\"breadcrumb\":{\"@id\":\"https:\/\/www.otg.bluehat.hosting\/fr\/services-fr\/counseling-psychotherapie\/#breadcrumb\"},\"inLanguage\":\"fr-CA\",\"potentialAction\":[{\"@type\":\"ReadAction\",\"target\":[\"https:\/\/www.otg.bluehat.hosting\/fr\/services-fr\/counseling-psychotherapie\/\"]}]},{\"@type\":\"BreadcrumbList\",\"@id\":\"https:\/\/www.otg.bluehat.hosting\/fr\/services-fr\/counseling-psychotherapie\/#breadcrumb\",\"itemListElement\":[{\"@type\":\"ListItem\",\"position\":1,\"name\":\"Home\",\"item\":\"https:\/\/www.otg.bluehat.hosting\/fr\/\"},{\"@type\":\"ListItem\",\"position\":2,\"name\":\"Services\",\"item\":\"https:\/\/www.otg.bluehat.hosting\/fr\/services-fr\/\"},{\"@type\":\"ListItem\",\"position\":3,\"name\":\"COUNSELING ET PSYCHOTH\u00c9RAPIE\"}]},{\"@type\":\"WebSite\",\"@id\":\"https:\/\/www.otg.bluehat.hosting\/fr\/#website\",\"url\":\"https:\/\/www.otg.bluehat.hosting\/fr\/\",\"name\":\"Excellence in Psychotherapy - Ottawa Therapy Group\",\"description\":\"\",\"potentialAction\":[{\"@type\":\"SearchAction\",\"target\":{\"@type\":\"EntryPoint\",\"urlTemplate\":\"https:\/\/www.otg.bluehat.hosting\/fr\/?s={search_term_string}\"},\"query-input\":{\"@type\":\"PropertyValueSpecification\",\"valueRequired\":true,\"valueName\":\"search_term_string\"}}],\"inLanguage\":\"fr-CA\"}]}<\/script>\n<!-- \/ Yoast SEO plugin. -->","yoast_head_json":{"title":"Counseling et psychoth\u00e9rapie - Ottawa Therapy Group","description":"Explorez les services de counseling et psychoth\u00e9rapie chez OTG. Soins de qualit\u00e9 pour am\u00e9liorer votre bien-\u00eatre mental. Planifiez une session aujourd'hui.","robots":{"index":"noindex","follow":"follow","max-snippet":"max-snippet:-1","max-image-preview":"max-image-preview:large","max-video-preview":"max-video-preview:-1"},"og_locale":"fr_CA","og_type":"article","og_title":"Counseling et psychoth\u00e9rapie - Ottawa Therapy Group","og_description":"Explorez les services de counseling et psychoth\u00e9rapie chez OTG. Soins de qualit\u00e9 pour am\u00e9liorer votre bien-\u00eatre mental. Planifiez une session aujourd'hui.","og_url":"https:\/\/www.otg.bluehat.hosting\/fr\/services-fr\/counseling-psychotherapie\/","og_site_name":"Excellence in Psychotherapy - Ottawa Therapy Group","article_modified_time":"2024-06-28T16:22:28+00:00","twitter_card":"summary_large_image","twitter_misc":{"Estimation du temps de lecture":"2 minutes"},"schema":{"@context":"https:\/\/schema.org","@graph":[{"@type":"WebPage","@id":"https:\/\/www.otg.bluehat.hosting\/fr\/services-fr\/counseling-psychotherapie\/","url":"https:\/\/www.otg.bluehat.hosting\/fr\/services-fr\/counseling-psychotherapie\/","name":"Counseling et psychoth\u00e9rapie - Ottawa Therapy Group","isPartOf":{"@id":"https:\/\/www.otg.bluehat.hosting\/fr\/#website"},"datePublished":"2024-05-07T18:15:44+00:00","dateModified":"2024-06-28T16:22:28+00:00","description":"Explorez les services de counseling et psychoth\u00e9rapie chez OTG. Soins de qualit\u00e9 pour am\u00e9liorer votre bien-\u00eatre mental. Planifiez une session aujourd'hui.","breadcrumb":{"@id":"https:\/\/www.otg.bluehat.hosting\/fr\/services-fr\/counseling-psychotherapie\/#breadcrumb"},"inLanguage":"fr-CA","potentialAction":[{"@type":"ReadAction","target":["https:\/\/www.otg.bluehat.hosting\/fr\/services-fr\/counseling-psychotherapie\/"]}]},{"@type":"BreadcrumbList","@id":"https:\/\/www.otg.bluehat.hosting\/fr\/services-fr\/counseling-psychotherapie\/#breadcrumb","itemListElement":[{"@type":"ListItem","position":1,"name":"Home","item":"https:\/\/www.otg.bluehat.hosting\/fr\/"},{"@type":"ListItem","position":2,"name":"Services","item":"https:\/\/www.otg.bluehat.hosting\/fr\/services-fr\/"},{"@type":"ListItem","position":3,"name":"COUNSELING ET PSYCHOTH\u00c9RAPIE"}]},{"@type":"WebSite","@id":"https:\/\/www.otg.bluehat.hosting\/fr\/#website","url":"https:\/\/www.otg.bluehat.hosting\/fr\/","name":"Excellence in Psychotherapy - Ottawa Therapy Group","description":"","potentialAction":[{"@type":"SearchAction","target":{"@type":"EntryPoint","urlTemplate":"https:\/\/www.otg.bluehat.hosting\/fr\/?s={search_term_string}"},"query-input":{"@type":"PropertyValueSpecification","valueRequired":true,"valueName":"search_term_string"}}],"inLanguage":"fr-CA"}]}},"_links":{"self":[{"href":"https:\/\/www.otg.bluehat.hosting\/fr\/wp-json\/wp\/v2\/pages\/316"}],"collection":[{"href":"https:\/\/www.otg.bluehat.hosting\/fr\/wp-json\/wp\/v2\/pages"}],"about":[{"href":"https:\/\/www.otg.bluehat.hosting\/fr\/wp-json\/wp\/v2\/types\/page"}],"author":[{"embeddable":true,"href":"https:\/\/www.otg.bluehat.hosting\/fr\/wp-json\/wp\/v2\/users\/1"}],"replies":[{"embeddable":true,"href":"https:\/\/www.otg.bluehat.hosting\/fr\/wp-json\/wp\/v2\/comments?post=316"}],"version-history":[{"count":12,"href":"https:\/\/www.otg.bluehat.hosting\/fr\/wp-json\/wp\/v2\/pages\/316\/revisions"}],"predecessor-version":[{"id":1240,"href":"https:\/\/www.otg.bluehat.hosting\/fr\/wp-json\/wp\/v2\/pages\/316\/revisions\/1240"}],"up":[{"embeddable":true,"href":"https:\/\/www.otg.bluehat.hosting\/fr\/wp-json\/wp\/v2\/pages\/270"}],"wp:attachment":[{"href":"https:\/\/www.otg.bluehat.hosting\/fr\/wp-json\/wp\/v2\/media?parent=316"}],"curies":[{"name":"wp","href":"https:\/\/api.w.org\/{rel}","templated":true}]}}