{"id":341,"date":"2024-05-07T16:14:14","date_gmt":"2024-05-07T20:14:14","guid":{"rendered":"https:\/\/www.otg.bluehat.hosting\/services-fr\/online-counselling-therapy\/"},"modified":"2024-06-28T12:18:12","modified_gmt":"2024-06-28T16:18:12","slug":"therapie-et-counseling-en-ligne","status":"publish","type":"page","link":"https:\/\/www.otg.bluehat.hosting\/fr\/services-fr\/therapie-et-counseling-en-ligne\/","title":{"rendered":"TH\u00c9RAPIE ET COUNSELING EN LIGNE"},"content":{"rendered":"<p><div class=\"fusion-fullwidth fullwidth-box fusion-builder-row-1 fusion-flex-container has-pattern-background has-mask-background nonhundred-percent-fullwidth non-hundred-percent-height-scrolling\" style=\"--awb-border-radius-top-left:0px;--awb-border-radius-top-right:0px;--awb-border-radius-bottom-right:0px;--awb-border-radius-bottom-left:0px;--awb-padding-top:70px;--awb-padding-bottom:70px;--awb-flex-wrap:wrap;\" ><div class=\"fusion-builder-row fusion-row fusion-flex-align-items-center fusion-flex-justify-content-center fusion-flex-content-wrap\" style=\"max-width:1248px;margin-left: calc(-4% \/ 2 );margin-right: calc(-4% \/ 2 );\"><div class=\"fusion-layout-column fusion_builder_column fusion-builder-column-0 fusion_builder_column_1_2 1_2 fusion-flex-column\" style=\"--awb-bg-size:cover;--awb-width-large:50%;--awb-margin-top-large:0px;--awb-spacing-right-large:3.84%;--awb-margin-bottom-large:20px;--awb-spacing-left-large:3.84%;--awb-width-medium:50%;--awb-order-medium:0;--awb-spacing-right-medium:3.84%;--awb-spacing-left-medium:3.84%;--awb-width-small:100%;--awb-order-small:0;--awb-spacing-right-small:1.92%;--awb-spacing-left-small:1.92%;\" data-scroll-devices=\"small-visibility,medium-visibility,large-visibility\"><div class=\"fusion-column-wrapper fusion-column-has-shadow fusion-flex-justify-content-flex-start fusion-content-layout-column\"><div class=\"fusion-title title fusion-title-1 fusion-sep-none fusion-title-text fusion-title-size-two\" style=\"--awb-text-color:var(--awb-color5);--awb-sep-color:var(--awb-color8);\"><h2 class=\"fusion-title-heading title-heading-left\" style=\"font-family:&quot;Oswald&quot;;font-style:normal;font-weight:400;margin:0;\">Th\u00e9rapie en ligne\/virtuelle<\/h2><\/div><div class=\"fusion-text fusion-text-1\" style=\"--awb-content-alignment:left;\"><div class=\"uk-panel uk-margin\">\n<div class=\"uk-panel uk-margin\">Nos th\u00e9rapeutes sont \u00e9quip\u00e9s pour offrir une th\u00e9rapie en ligne en utilisant un fournisseur de vid\u00e9oconf\u00e9rence s\u00e9curis\u00e9 qui est conforme \u00e0 la loi sur la protection des renseignements personnels sur la sant\u00e9 et \u00e0 la loi sur la protection des renseignements personnels et les documents \u00e9lectroniques (LPRDE). La possibilit\u00e9 d&rsquo;offrir une th\u00e9rapie en ligne aux personnes qui ne peuvent pas assister \u00e0 des s\u00e9ances en personne en raison d&rsquo;une maladie, de probl\u00e8mes de mobilit\u00e9, de circonstances sociales ou de personnes vivant \u00e0 distance s&rsquo;inscrit dans notre mission d&rsquo;offrir des soins de qualit\u00e9 \u00e0 tous.<\/div>\n<\/div>\n<\/div><\/div><\/div><div class=\"fusion-layout-column fusion_builder_column fusion-builder-column-1 fusion_builder_column_1_2 1_2 fusion-flex-column fusion-column-inner-bg-wrapper fusion-column-liftup-border\" style=\"--awb-inner-bg-size:cover;--awb-width-large:50%;--awb-margin-top-large:0px;--awb-spacing-right-large:3.84%;--awb-margin-bottom-large:20px;--awb-spacing-left-large:3.84%;--awb-width-medium:50%;--awb-order-medium:0;--awb-spacing-right-medium:3.84%;--awb-spacing-left-medium:3.84%;--awb-width-small:100%;--awb-order-small:0;--awb-spacing-right-small:1.92%;--awb-spacing-left-small:1.92%;\" data-scroll-devices=\"small-visibility,medium-visibility,large-visibility\"><span class=\"fusion-column-inner-bg hover-type-liftup\"><span class=\"fusion-column-anchor\"><span class=\"fusion-column-inner-bg-image\"><\/span><\/span><\/span><div class=\"fusion-column-wrapper fusion-flex-justify-content-flex-start fusion-content-layout-column\"><div class=\"fusion-image-element \" style=\"--awb-caption-title-font-family:var(--h2_typography-font-family);--awb-caption-title-font-weight:var(--h2_typography-font-weight);--awb-caption-title-font-style:var(--h2_typography-font-style);--awb-caption-title-size:var(--h2_typography-font-size);--awb-caption-title-transform:var(--h2_typography-text-transform);--awb-caption-title-line-height:var(--h2_typography-line-height);--awb-caption-title-letter-spacing:var(--h2_typography-letter-spacing);\"><span class=\" fusion-imageframe imageframe-none imageframe-1 hover-type-none\"><img decoding=\"async\" width=\"900\" height=\"675\" alt=\"Th\u00e9rapie En Ligne\/Virtuelle\" title=\"2-ae969dce\" src=\"https:\/\/www.otg.bluehat.hosting\/wp-content\/uploads\/2024\/05\/2-ae969dce.webp\" class=\"img-responsive wp-image-191\" srcset=\"https:\/\/www.otg.bluehat.hosting\/wp-content\/uploads\/2024\/05\/2-ae969dce-200x150.webp 200w, https:\/\/www.otg.bluehat.hosting\/wp-content\/uploads\/2024\/05\/2-ae969dce-300x225.webp 300w, https:\/\/www.otg.bluehat.hosting\/wp-content\/uploads\/2024\/05\/2-ae969dce-400x300.webp 400w, https:\/\/www.otg.bluehat.hosting\/wp-content\/uploads\/2024\/05\/2-ae969dce-600x450.webp 600w, https:\/\/www.otg.bluehat.hosting\/wp-content\/uploads\/2024\/05\/2-ae969dce-768x576.webp 768w, https:\/\/www.otg.bluehat.hosting\/wp-content\/uploads\/2024\/05\/2-ae969dce-800x600.webp 800w, https:\/\/www.otg.bluehat.hosting\/wp-content\/uploads\/2024\/05\/2-ae969dce.webp 900w\" sizes=\"(max-width: 640px) 100vw, 600px\" \/><\/span><\/div><\/div><\/div><\/div><\/div><div class=\"fusion-fullwidth fullwidth-box fusion-builder-row-2 fusion-flex-container has-pattern-background has-mask-background display-none nonhundred-percent-fullwidth non-hundred-percent-height-scrolling\" style=\"--awb-border-radius-top-left:0px;--awb-border-radius-top-right:0px;--awb-border-radius-bottom-right:0px;--awb-border-radius-bottom-left:0px;--awb-padding-top:60px;--awb-padding-bottom:60px;--awb-background-color:var(--awb-color2);--awb-flex-wrap:wrap;\" ><div class=\"fusion-builder-row fusion-row fusion-flex-align-items-flex-start fusion-flex-content-wrap\" style=\"max-width:1248px;margin-left: calc(-4% \/ 2 );margin-right: calc(-4% \/ 2 );\"><div class=\"fusion-layout-column fusion_builder_column fusion-builder-column-2 fusion_builder_column_1_1 1_1 fusion-flex-column\" style=\"--awb-bg-size:cover;--awb-width-large:100%;--awb-margin-top-large:0px;--awb-spacing-right-large:1.92%;--awb-margin-bottom-large:20px;--awb-spacing-left-large:1.92%;--awb-width-medium:100%;--awb-order-medium:0;--awb-spacing-right-medium:1.92%;--awb-spacing-left-medium:1.92%;--awb-width-small:100%;--awb-order-small:0;--awb-spacing-right-small:1.92%;--awb-spacing-left-small:1.92%;\"><div class=\"fusion-column-wrapper fusion-column-has-shadow fusion-flex-justify-content-flex-start fusion-content-layout-column\"><div class=\"fusion-title title fusion-title-2 fusion-sep-none fusion-title-text fusion-title-size-three\" style=\"--awb-text-color:var(--awb-color7);--awb-sep-color:var(--awb-color8);\"><h3 class=\"fusion-title-heading title-heading-left\" style=\"font-family:&quot;Oswald&quot;;font-style:normal;font-weight:400;margin:0;\">ONLINE THERAPY SESSIONS: CONVENIENCE, COMFORT AND ACCESSIBILITY<\/h3><\/div><div class=\"fusion-separator fusion-full-width-sep\" style=\"align-self: center;margin-left: auto;margin-right: auto;margin-top:30px;width:100%;\"><\/div><div class=\"fusion-text fusion-text-2\"><p>Our online sessions preserve the quality of traditional therapy, while giving you the flexibility to fit your lifestyle. A virtual therapy session is especially valuable for those with:<\/p>\n<ul>\n<li aria-level=\"1\">Busy schedules<\/li>\n<li aria-level=\"1\">Mobility issues<\/li>\n<li aria-level=\"1\">Chronic Illnesses<\/li>\n<li aria-level=\"1\">Difficult social circumstances<\/li>\n<li aria-level=\"1\">Homes in remote areas<\/li>\n<\/ul>\n<p>No matter where you are, our video therapy sessions are designed to meet you there. Our online therapy providers allow you to explore personal growth, while addressing your mental health history and current mental health conditions in a familiar setting, which in some cases, can even improve the effectiveness of the therapy.<\/p>\n<\/div><\/div><\/div><div class=\"fusion-layout-column fusion_builder_column fusion-builder-column-3 fusion_builder_column_1_1 1_1 fusion-flex-column\" style=\"--awb-bg-size:cover;--awb-width-large:100%;--awb-margin-top-large:0px;--awb-spacing-right-large:1.92%;--awb-margin-bottom-large:20px;--awb-spacing-left-large:1.92%;--awb-width-medium:100%;--awb-order-medium:0;--awb-spacing-right-medium:1.92%;--awb-spacing-left-medium:1.92%;--awb-width-small:100%;--awb-order-small:0;--awb-spacing-right-small:1.92%;--awb-spacing-left-small:1.92%;\"><div class=\"fusion-column-wrapper fusion-column-has-shadow fusion-flex-justify-content-flex-start fusion-content-layout-column\"><div class=\"fusion-title title fusion-title-3 fusion-sep-none fusion-title-text fusion-title-size-three\" style=\"--awb-text-color:var(--awb-color7);--awb-sep-color:var(--awb-color8);\"><h3 class=\"fusion-title-heading title-heading-left\" style=\"font-family:&quot;Oswald&quot;;font-style:normal;font-weight:400;margin:0;\">ONLINE THERAPY SESSIONS: CONVENIENCE, COMFORT AND ACCESSIBILITY<\/h3><\/div><div class=\"fusion-separator fusion-full-width-sep\" style=\"align-self: center;margin-left: auto;margin-right: auto;margin-top:30px;width:100%;\"><\/div><div class=\"fusion-text fusion-text-3\"><p>Our online sessions preserve the quality of traditional therapy, while giving you the flexibility to fit your lifestyle. A virtual therapy session is especially valuable for those with:<\/p>\n<\/div><\/div><\/div><div class=\"fusion-layout-column fusion_builder_column fusion-builder-column-4 fusion_builder_column_1_1 1_1 fusion-flex-column\" style=\"--awb-bg-size:cover;--awb-width-large:100%;--awb-margin-top-large:0px;--awb-spacing-right-large:1.92%;--awb-margin-bottom-large:20px;--awb-spacing-left-large:1.92%;--awb-width-medium:100%;--awb-order-medium:0;--awb-spacing-right-medium:1.92%;--awb-spacing-left-medium:1.92%;--awb-width-small:100%;--awb-order-small:0;--awb-spacing-right-small:1.92%;--awb-spacing-left-small:1.92%;\"><div class=\"fusion-column-wrapper fusion-column-has-shadow fusion-flex-justify-content-flex-start fusion-content-layout-column\"><div class=\"fusion-title title fusion-title-4 fusion-sep-none fusion-title-text fusion-title-size-three\" style=\"--awb-text-color:var(--awb-color7);--awb-sep-color:var(--awb-color8);\"><h3 class=\"fusion-title-heading title-heading-left\" style=\"font-family:&quot;Oswald&quot;;font-style:normal;font-weight:400;margin:0;\">ONLINE THERAPY SESSIONS: CONVENIENCE, COMFORT AND ACCESSIBILITY<\/h3><\/div><div class=\"fusion-separator fusion-full-width-sep\" style=\"align-self: center;margin-left: auto;margin-right: auto;margin-top:30px;width:100%;\"><\/div><div class=\"fusion-text fusion-text-4\"><p>Our online sessions preserve the quality of traditional therapy, while giving you the flexibility to fit your lifestyle. A virtual therapy session is especially valuable for those with:<\/p>\n<\/div><\/div><\/div><div class=\"fusion-layout-column fusion_builder_column fusion-builder-column-5 fusion_builder_column_1_1 1_1 fusion-flex-column\" style=\"--awb-bg-size:cover;--awb-width-large:100%;--awb-margin-top-large:0px;--awb-spacing-right-large:1.92%;--awb-margin-bottom-large:20px;--awb-spacing-left-large:1.92%;--awb-width-medium:100%;--awb-order-medium:0;--awb-spacing-right-medium:1.92%;--awb-spacing-left-medium:1.92%;--awb-width-small:100%;--awb-order-small:0;--awb-spacing-right-small:1.92%;--awb-spacing-left-small:1.92%;\"><div class=\"fusion-column-wrapper fusion-column-has-shadow fusion-flex-justify-content-flex-start fusion-content-layout-column\"><div class=\"fusion-title title fusion-title-5 fusion-sep-none fusion-title-text fusion-title-size-three\" style=\"--awb-text-color:var(--awb-color7);--awb-sep-color:var(--awb-color8);\"><h3 class=\"fusion-title-heading title-heading-left\" style=\"font-family:&quot;Oswald&quot;;font-style:normal;font-weight:400;margin:0;\">SECURITY AND PRIVACY: OUR TOP PRIORITY<\/h3><\/div><div class=\"fusion-separator fusion-full-width-sep\" style=\"align-self: center;margin-left: auto;margin-right: auto;margin-top:30px;width:100%;\"><\/div><div class=\"fusion-text fusion-text-5\"><p>As a trusted online therapy provider, the security and privacy of your virtual video sessions is non-negotiable. We conduct our sessions through an online therapy platform that is compliant with the Personal Health Information Protection Act (PHIPA) and the Personal Information Protection and Electronic Documents Act (PIPEDA). This rigorous security protocol means that your conversations with our mental health professionals are fully confidential, giving you the peace of mind to get the most out of your sessions.<\/p>\n<\/div><\/div><\/div><div class=\"fusion-layout-column fusion_builder_column fusion-builder-column-6 fusion_builder_column_1_1 1_1 fusion-flex-column\" style=\"--awb-bg-size:cover;--awb-width-large:100%;--awb-margin-top-large:0px;--awb-spacing-right-large:1.92%;--awb-margin-bottom-large:20px;--awb-spacing-left-large:1.92%;--awb-width-medium:100%;--awb-order-medium:0;--awb-spacing-right-medium:1.92%;--awb-spacing-left-medium:1.92%;--awb-width-small:100%;--awb-order-small:0;--awb-spacing-right-small:1.92%;--awb-spacing-left-small:1.92%;\"><div class=\"fusion-column-wrapper fusion-column-has-shadow fusion-flex-justify-content-flex-start fusion-content-layout-column\"><div class=\"fusion-title title fusion-title-6 fusion-sep-none fusion-title-text fusion-title-size-three\" style=\"--awb-text-color:var(--awb-color7);--awb-sep-color:var(--awb-color8);\"><h3 class=\"fusion-title-heading title-heading-left\" style=\"font-family:&quot;Oswald&quot;;font-style:normal;font-weight:400;margin:0;\">OTTAWA THERAPY GROUP &#8211; QUALITY CARE FOR ALL<\/h3><\/div><div class=\"fusion-separator fusion-full-width-sep\" style=\"align-self: center;margin-left: auto;margin-right: auto;margin-top:30px;width:100%;\"><\/div><div class=\"fusion-text fusion-text-6\"><p>By leveraging technology, we extend the reach of our licensed therapists, and make it possible for you to engage in meaningful therapy regardless of your circumstances. Quality care for all; that&rsquo;s our mission at Ottawa Therapy Group, and our online sessions are a testament to this commitment.<\/p>\n<p>In addition to our online therapy services, we also offer in-person counselling and psychotherapy in Ottawa, including individual and couples therapy, as well as services for families and children.<\/p>\n<p>Reach out today to learn more about how our therapists and our mental health services can improve your well-being.<\/p>\n<\/div><\/div><\/div><\/div><\/div><\/p>\n","protected":false},"excerpt":{"rendered":"","protected":false},"author":1,"featured_media":0,"parent":270,"menu_order":0,"comment_status":"closed","ping_status":"closed","template":"100-width.php","meta":{"footnotes":""},"yoast_head":"<!-- This site is optimized with the Yoast SEO plugin v24.5 - https:\/\/yoast.com\/wordpress\/plugins\/seo\/ -->\n<title>Th\u00e9rapie et counseling en ligne - Ottawa Therapy Group<\/title>\n<meta name=\"description\" content=\"Services de th\u00e9rapie et counseling en ligne chez OTG. Acc\u00e9dez \u00e0 des soins de sant\u00e9 mentale de qualit\u00e9 o\u00f9 que vous soyez. Planifiez une session maintenant.\" \/>\n<meta name=\"robots\" content=\"noindex, follow, max-snippet:-1, max-image-preview:large, max-video-preview:-1\" \/>\n<meta property=\"og:locale\" content=\"fr_CA\" \/>\n<meta property=\"og:type\" content=\"article\" \/>\n<meta property=\"og:title\" content=\"Th\u00e9rapie et counseling en ligne - Ottawa Therapy Group\" \/>\n<meta property=\"og:description\" content=\"Services de th\u00e9rapie et counseling en ligne chez OTG. Acc\u00e9dez \u00e0 des soins de sant\u00e9 mentale de qualit\u00e9 o\u00f9 que vous soyez. Planifiez une session maintenant.\" \/>\n<meta property=\"og:url\" content=\"https:\/\/www.otg.bluehat.hosting\/fr\/services-fr\/therapie-et-counseling-en-ligne\/\" \/>\n<meta property=\"og:site_name\" content=\"Excellence in Psychotherapy - Ottawa Therapy Group\" \/>\n<meta property=\"article:modified_time\" content=\"2024-06-28T16:18:12+00:00\" \/>\n<meta name=\"twitter:card\" content=\"summary_large_image\" \/>\n<meta name=\"twitter:label1\" content=\"Estimation du temps de lecture\" \/>\n\t<meta name=\"twitter:data1\" content=\"3 minutes\" \/>\n<script type=\"application\/ld+json\" class=\"yoast-schema-graph\">{\"@context\":\"https:\/\/schema.org\",\"@graph\":[{\"@type\":\"WebPage\",\"@id\":\"https:\/\/www.otg.bluehat.hosting\/fr\/services-fr\/therapie-et-counseling-en-ligne\/\",\"url\":\"https:\/\/www.otg.bluehat.hosting\/fr\/services-fr\/therapie-et-counseling-en-ligne\/\",\"name\":\"Th\u00e9rapie et counseling en ligne - Ottawa Therapy Group\",\"isPartOf\":{\"@id\":\"https:\/\/www.otg.bluehat.hosting\/fr\/#website\"},\"datePublished\":\"2024-05-07T20:14:14+00:00\",\"dateModified\":\"2024-06-28T16:18:12+00:00\",\"description\":\"Services de th\u00e9rapie et counseling en ligne chez OTG. Acc\u00e9dez \u00e0 des soins de sant\u00e9 mentale de qualit\u00e9 o\u00f9 que vous soyez. Planifiez une session maintenant.\",\"breadcrumb\":{\"@id\":\"https:\/\/www.otg.bluehat.hosting\/fr\/services-fr\/therapie-et-counseling-en-ligne\/#breadcrumb\"},\"inLanguage\":\"fr-CA\",\"potentialAction\":[{\"@type\":\"ReadAction\",\"target\":[\"https:\/\/www.otg.bluehat.hosting\/fr\/services-fr\/therapie-et-counseling-en-ligne\/\"]}]},{\"@type\":\"BreadcrumbList\",\"@id\":\"https:\/\/www.otg.bluehat.hosting\/fr\/services-fr\/therapie-et-counseling-en-ligne\/#breadcrumb\",\"itemListElement\":[{\"@type\":\"ListItem\",\"position\":1,\"name\":\"Home\",\"item\":\"https:\/\/www.otg.bluehat.hosting\/fr\/\"},{\"@type\":\"ListItem\",\"position\":2,\"name\":\"Services\",\"item\":\"https:\/\/www.otg.bluehat.hosting\/fr\/services-fr\/\"},{\"@type\":\"ListItem\",\"position\":3,\"name\":\"TH\u00c9RAPIE ET COUNSELING EN LIGNE\"}]},{\"@type\":\"WebSite\",\"@id\":\"https:\/\/www.otg.bluehat.hosting\/fr\/#website\",\"url\":\"https:\/\/www.otg.bluehat.hosting\/fr\/\",\"name\":\"Excellence in Psychotherapy - Ottawa Therapy Group\",\"description\":\"\",\"potentialAction\":[{\"@type\":\"SearchAction\",\"target\":{\"@type\":\"EntryPoint\",\"urlTemplate\":\"https:\/\/www.otg.bluehat.hosting\/fr\/?s={search_term_string}\"},\"query-input\":{\"@type\":\"PropertyValueSpecification\",\"valueRequired\":true,\"valueName\":\"search_term_string\"}}],\"inLanguage\":\"fr-CA\"}]}<\/script>\n<!-- \/ Yoast SEO plugin. -->","yoast_head_json":{"title":"Th\u00e9rapie et counseling en ligne - Ottawa Therapy Group","description":"Services de th\u00e9rapie et counseling en ligne chez OTG. Acc\u00e9dez \u00e0 des soins de sant\u00e9 mentale de qualit\u00e9 o\u00f9 que vous soyez. Planifiez une session maintenant.","robots":{"index":"noindex","follow":"follow","max-snippet":"max-snippet:-1","max-image-preview":"max-image-preview:large","max-video-preview":"max-video-preview:-1"},"og_locale":"fr_CA","og_type":"article","og_title":"Th\u00e9rapie et counseling en ligne - Ottawa Therapy Group","og_description":"Services de th\u00e9rapie et counseling en ligne chez OTG. Acc\u00e9dez \u00e0 des soins de sant\u00e9 mentale de qualit\u00e9 o\u00f9 que vous soyez. Planifiez une session maintenant.","og_url":"https:\/\/www.otg.bluehat.hosting\/fr\/services-fr\/therapie-et-counseling-en-ligne\/","og_site_name":"Excellence in Psychotherapy - Ottawa Therapy Group","article_modified_time":"2024-06-28T16:18:12+00:00","twitter_card":"summary_large_image","twitter_misc":{"Estimation du temps de lecture":"3 minutes"},"schema":{"@context":"https:\/\/schema.org","@graph":[{"@type":"WebPage","@id":"https:\/\/www.otg.bluehat.hosting\/fr\/services-fr\/therapie-et-counseling-en-ligne\/","url":"https:\/\/www.otg.bluehat.hosting\/fr\/services-fr\/therapie-et-counseling-en-ligne\/","name":"Th\u00e9rapie et counseling en ligne - Ottawa Therapy Group","isPartOf":{"@id":"https:\/\/www.otg.bluehat.hosting\/fr\/#website"},"datePublished":"2024-05-07T20:14:14+00:00","dateModified":"2024-06-28T16:18:12+00:00","description":"Services de th\u00e9rapie et counseling en ligne chez OTG. Acc\u00e9dez \u00e0 des soins de sant\u00e9 mentale de qualit\u00e9 o\u00f9 que vous soyez. Planifiez une session maintenant.","breadcrumb":{"@id":"https:\/\/www.otg.bluehat.hosting\/fr\/services-fr\/therapie-et-counseling-en-ligne\/#breadcrumb"},"inLanguage":"fr-CA","potentialAction":[{"@type":"ReadAction","target":["https:\/\/www.otg.bluehat.hosting\/fr\/services-fr\/therapie-et-counseling-en-ligne\/"]}]},{"@type":"BreadcrumbList","@id":"https:\/\/www.otg.bluehat.hosting\/fr\/services-fr\/therapie-et-counseling-en-ligne\/#breadcrumb","itemListElement":[{"@type":"ListItem","position":1,"name":"Home","item":"https:\/\/www.otg.bluehat.hosting\/fr\/"},{"@type":"ListItem","position":2,"name":"Services","item":"https:\/\/www.otg.bluehat.hosting\/fr\/services-fr\/"},{"@type":"ListItem","position":3,"name":"TH\u00c9RAPIE ET COUNSELING EN LIGNE"}]},{"@type":"WebSite","@id":"https:\/\/www.otg.bluehat.hosting\/fr\/#website","url":"https:\/\/www.otg.bluehat.hosting\/fr\/","name":"Excellence in Psychotherapy - Ottawa Therapy Group","description":"","potentialAction":[{"@type":"SearchAction","target":{"@type":"EntryPoint","urlTemplate":"https:\/\/www.otg.bluehat.hosting\/fr\/?s={search_term_string}"},"query-input":{"@type":"PropertyValueSpecification","valueRequired":true,"valueName":"search_term_string"}}],"inLanguage":"fr-CA"}]}},"_links":{"self":[{"href":"https:\/\/www.otg.bluehat.hosting\/fr\/wp-json\/wp\/v2\/pages\/341"}],"collection":[{"href":"https:\/\/www.otg.bluehat.hosting\/fr\/wp-json\/wp\/v2\/pages"}],"about":[{"href":"https:\/\/www.otg.bluehat.hosting\/fr\/wp-json\/wp\/v2\/types\/page"}],"author":[{"embeddable":true,"href":"https:\/\/www.otg.bluehat.hosting\/fr\/wp-json\/wp\/v2\/users\/1"}],"replies":[{"embeddable":true,"href":"https:\/\/www.otg.bluehat.hosting\/fr\/wp-json\/wp\/v2\/comments?post=341"}],"version-history":[{"count":7,"href":"https:\/\/www.otg.bluehat.hosting\/fr\/wp-json\/wp\/v2\/pages\/341\/revisions"}],"predecessor-version":[{"id":1226,"href":"https:\/\/www.otg.bluehat.hosting\/fr\/wp-json\/wp\/v2\/pages\/341\/revisions\/1226"}],"up":[{"embeddable":true,"href":"https:\/\/www.otg.bluehat.hosting\/fr\/wp-json\/wp\/v2\/pages\/270"}],"wp:attachment":[{"href":"https:\/\/www.otg.bluehat.hosting\/fr\/wp-json\/wp\/v2\/media?parent=341"}],"curies":[{"name":"wp","href":"https:\/\/api.w.org\/{rel}","templated":true}]}}