{"id":389,"date":"2024-05-08T13:45:14","date_gmt":"2024-05-08T17:45:14","guid":{"rendered":"https:\/\/www.otg.bluehat.hosting\/services-fr\/supervision\/"},"modified":"2024-06-28T11:45:41","modified_gmt":"2024-06-28T15:45:41","slug":"supervision","status":"publish","type":"page","link":"https:\/\/www.otg.bluehat.hosting\/fr\/services-fr\/supervision\/","title":{"rendered":"SUPERVISION"},"content":{"rendered":"<p><div class=\"fusion-fullwidth fullwidth-box fusion-builder-row-1 fusion-flex-container has-pattern-background has-mask-background nonhundred-percent-fullwidth non-hundred-percent-height-scrolling\" style=\"--awb-border-radius-top-left:0px;--awb-border-radius-top-right:0px;--awb-border-radius-bottom-right:0px;--awb-border-radius-bottom-left:0px;--awb-padding-top:70px;--awb-padding-bottom:70px;--awb-flex-wrap:wrap;\" ><div class=\"fusion-builder-row fusion-row fusion-flex-align-items-center fusion-flex-justify-content-center fusion-flex-content-wrap\" style=\"max-width:1248px;margin-left: calc(-4% \/ 2 );margin-right: calc(-4% \/ 2 );\"><div class=\"fusion-layout-column fusion_builder_column fusion-builder-column-0 fusion_builder_column_1_2 1_2 fusion-flex-column\" style=\"--awb-bg-size:cover;--awb-width-large:50%;--awb-margin-top-large:0px;--awb-spacing-right-large:3.84%;--awb-margin-bottom-large:20px;--awb-spacing-left-large:3.84%;--awb-width-medium:50%;--awb-order-medium:0;--awb-spacing-right-medium:3.84%;--awb-spacing-left-medium:3.84%;--awb-width-small:100%;--awb-order-small:0;--awb-spacing-right-small:1.92%;--awb-spacing-left-small:1.92%;\" data-scroll-devices=\"small-visibility,medium-visibility,large-visibility\"><div class=\"fusion-column-wrapper fusion-column-has-shadow fusion-flex-justify-content-flex-start fusion-content-layout-column\"><div class=\"fusion-title title fusion-title-1 fusion-sep-none fusion-title-text fusion-title-size-two\" style=\"--awb-text-color:var(--awb-color5);--awb-sep-color:var(--awb-color8);\"><h2 class=\"fusion-title-heading title-heading-left\" style=\"font-family:&quot;Oswald&quot;;font-style:normal;font-weight:400;margin:0;\">Supervision &#8211; Ottawa ON<\/h2><\/div><div class=\"fusion-text fusion-text-1\" style=\"--awb-content-alignment:left;\"><p>Nous offrons des services de supervision clinique aux th\u00e9rapeutes qui recherchent un d\u00e9veloppement professionnel continu et une consultation par des psychologues agr\u00e9\u00e9s et des psychoth\u00e9rapeutes agr\u00e9\u00e9s.<\/p>\n<p>Le groupe Ottawa Therapy offre des opportunit\u00e9s uniques aux th\u00e9rapeutes qui cherchent \u00e0 voir des clients dans le contexte de leur propre pratique priv\u00e9e tout en appartenant \u00e0 une communaut\u00e9 d\u00e9di\u00e9e \u00e0 l&rsquo;excellence dans le domaine de la psychoth\u00e9rapie.<\/p>\n<\/div><\/div><\/div><div class=\"fusion-layout-column fusion_builder_column fusion-builder-column-1 fusion_builder_column_1_2 1_2 fusion-flex-column fusion-column-inner-bg-wrapper fusion-column-liftup-border\" style=\"--awb-inner-bg-size:cover;--awb-width-large:50%;--awb-margin-top-large:0px;--awb-spacing-right-large:3.84%;--awb-margin-bottom-large:20px;--awb-spacing-left-large:3.84%;--awb-width-medium:50%;--awb-order-medium:0;--awb-spacing-right-medium:3.84%;--awb-spacing-left-medium:3.84%;--awb-width-small:100%;--awb-order-small:0;--awb-spacing-right-small:1.92%;--awb-spacing-left-small:1.92%;\" data-scroll-devices=\"small-visibility,medium-visibility,large-visibility\"><span class=\"fusion-column-inner-bg hover-type-liftup\"><span class=\"fusion-column-anchor\"><span class=\"fusion-column-inner-bg-image\"><\/span><\/span><\/span><div class=\"fusion-column-wrapper fusion-flex-justify-content-flex-start fusion-content-layout-column\"><div class=\"fusion-image-element \" style=\"--awb-caption-title-font-family:var(--h2_typography-font-family);--awb-caption-title-font-weight:var(--h2_typography-font-weight);--awb-caption-title-font-style:var(--h2_typography-font-style);--awb-caption-title-size:var(--h2_typography-font-size);--awb-caption-title-transform:var(--h2_typography-text-transform);--awb-caption-title-line-height:var(--h2_typography-line-height);--awb-caption-title-letter-spacing:var(--h2_typography-letter-spacing);\"><span class=\" fusion-imageframe imageframe-none imageframe-1 hover-type-none\"><img decoding=\"async\" width=\"800\" height=\"600\" alt=\"Clinical Supervision Services\" title=\"organizations-1-d9d04bdd\" src=\"https:\/\/www.otg.bluehat.hosting\/wp-content\/uploads\/2024\/05\/organizations-1-d9d04bdd.webp\" class=\"img-responsive wp-image-161\" srcset=\"https:\/\/www.otg.bluehat.hosting\/wp-content\/uploads\/2024\/05\/organizations-1-d9d04bdd-200x150.webp 200w, https:\/\/www.otg.bluehat.hosting\/wp-content\/uploads\/2024\/05\/organizations-1-d9d04bdd-300x225.webp 300w, https:\/\/www.otg.bluehat.hosting\/wp-content\/uploads\/2024\/05\/organizations-1-d9d04bdd-400x300.webp 400w, https:\/\/www.otg.bluehat.hosting\/wp-content\/uploads\/2024\/05\/organizations-1-d9d04bdd-600x450.webp 600w, https:\/\/www.otg.bluehat.hosting\/wp-content\/uploads\/2024\/05\/organizations-1-d9d04bdd-768x576.webp 768w, https:\/\/www.otg.bluehat.hosting\/wp-content\/uploads\/2024\/05\/organizations-1-d9d04bdd.webp 800w\" sizes=\"(max-width: 640px) 100vw, 600px\" \/><\/span><\/div><\/div><\/div><\/div><\/div><div class=\"fusion-fullwidth fullwidth-box fusion-builder-row-2 fusion-flex-container has-pattern-background has-mask-background display-none nonhundred-percent-fullwidth non-hundred-percent-height-scrolling\" style=\"--awb-border-radius-top-left:0px;--awb-border-radius-top-right:0px;--awb-border-radius-bottom-right:0px;--awb-border-radius-bottom-left:0px;--awb-padding-top:60px;--awb-padding-bottom:60px;--awb-background-color:var(--awb-color2);--awb-flex-wrap:wrap;\" ><div class=\"fusion-builder-row fusion-row fusion-flex-align-items-flex-start fusion-flex-content-wrap\" style=\"max-width:1248px;margin-left: calc(-4% \/ 2 );margin-right: calc(-4% \/ 2 );\"><div class=\"fusion-layout-column fusion_builder_column fusion-builder-column-2 fusion_builder_column_1_2 1_2 fusion-flex-column\" style=\"--awb-bg-size:cover;--awb-width-large:50%;--awb-margin-top-large:0px;--awb-spacing-right-large:3.84%;--awb-margin-bottom-large:20px;--awb-spacing-left-large:3.84%;--awb-width-medium:50%;--awb-order-medium:0;--awb-spacing-right-medium:3.84%;--awb-spacing-left-medium:3.84%;--awb-width-small:100%;--awb-order-small:0;--awb-spacing-right-small:1.92%;--awb-spacing-left-small:1.92%;\"><div class=\"fusion-column-wrapper fusion-column-has-shadow fusion-flex-justify-content-flex-start fusion-content-layout-column\"><div class=\"fusion-title title fusion-title-2 fusion-sep-none fusion-title-text fusion-title-size-three\" style=\"--awb-text-color:var(--awb-color7);--awb-sep-color:var(--awb-color8);\"><h3 class=\"fusion-title-heading title-heading-left\" style=\"font-family:&quot;Oswald&quot;;font-style:normal;font-weight:400;margin:0;\">PERSONALIZED MENTAL HEALTH ASSESSMENTS<\/h3><\/div><div class=\"fusion-separator fusion-full-width-sep\" style=\"align-self: center;margin-left: auto;margin-right: auto;margin-top:30px;width:100%;\"><\/div><div class=\"fusion-text fusion-text-2\"><p>Our nurse practitioners focus on conditions such as ADHD, depression, and anxiety. With an understanding that everyone&rsquo;s mental health journey is unique, they employ a thorough evaluation process to accurately identify your needs and tailor their approach accordingly.<\/p>\n<\/div><\/div><\/div><div class=\"fusion-layout-column fusion_builder_column fusion-builder-column-3 fusion_builder_column_1_2 1_2 fusion-flex-column\" style=\"--awb-bg-size:cover;--awb-width-large:50%;--awb-margin-top-large:0px;--awb-spacing-right-large:3.84%;--awb-margin-bottom-large:20px;--awb-spacing-left-large:3.84%;--awb-width-medium:50%;--awb-order-medium:0;--awb-spacing-right-medium:3.84%;--awb-spacing-left-medium:3.84%;--awb-width-small:100%;--awb-order-small:0;--awb-spacing-right-small:1.92%;--awb-spacing-left-small:1.92%;\"><div class=\"fusion-column-wrapper fusion-column-has-shadow fusion-flex-justify-content-flex-start fusion-content-layout-column\"><div class=\"fusion-title title fusion-title-3 fusion-sep-none fusion-title-text fusion-title-size-three\" style=\"--awb-text-color:var(--awb-color7);--awb-sep-color:var(--awb-color8);\"><h3 class=\"fusion-title-heading title-heading-left\" style=\"font-family:&quot;Oswald&quot;;font-style:normal;font-weight:400;margin:0;\">PRESCRIPTION AND MEDICATION MANAGEMENT<\/h3><\/div><div class=\"fusion-separator fusion-full-width-sep\" style=\"align-self: center;margin-left: auto;margin-right: auto;margin-top:30px;width:100%;\"><\/div><div class=\"fusion-text fusion-text-3\"><p>For those eligible, our registered nurses provide medical services, including prescription and medication management services. This aspect of care is vital for conditions requiring pharmacological intervention. Having trained health care providers monitor your symptoms makes all the difference when it comes to identifying the most safe and effective medication regimen for your needs. In all cases, our nurse practitioners strive to promote your overall well-being while minimizing your side effects.<\/p>\n<\/div><\/div><\/div><div class=\"fusion-layout-column fusion_builder_column fusion-builder-column-4 fusion_builder_column_1_1 1_1 fusion-flex-column\" style=\"--awb-bg-size:cover;--awb-width-large:100%;--awb-margin-top-large:0px;--awb-spacing-right-large:1.92%;--awb-margin-bottom-large:20px;--awb-spacing-left-large:1.92%;--awb-width-medium:100%;--awb-order-medium:0;--awb-spacing-right-medium:1.92%;--awb-spacing-left-medium:1.92%;--awb-width-small:100%;--awb-order-small:0;--awb-spacing-right-small:1.92%;--awb-spacing-left-small:1.92%;\"><div class=\"fusion-column-wrapper fusion-column-has-shadow fusion-flex-justify-content-flex-start fusion-content-layout-column\"><div class=\"fusion-separator fusion-full-width-sep\" style=\"align-self: center;margin-left: auto;margin-right: auto;margin-top:30px;width:100%;\"><\/div><div class=\"fusion-title title fusion-title-4 fusion-sep-none fusion-title-text fusion-title-size-three\" style=\"--awb-text-color:var(--awb-color7);--awb-sep-color:var(--awb-color8);\"><h3 class=\"fusion-title-heading title-heading-left\" style=\"font-family:&quot;Oswald&quot;;font-style:normal;font-weight:400;margin:0;\">EMPOWERING YOU TOWARDS BETTER MENTAL HEALTH<\/h3><\/div><div class=\"fusion-separator fusion-full-width-sep\" style=\"align-self: center;margin-left: auto;margin-right: auto;margin-top:30px;width:100%;\"><\/div><div class=\"fusion-text fusion-text-4\"><p>Patient care is our top priority. That&rsquo;s why our nurse practitioners collaborate closely with psychologists, therapists, and other health care professionals. This comprehensive approach ensures that every aspect of your health informs the mental health services we provide, which enhances the quality and effectiveness of the care you receive at Ottawa Therapy Group.<\/p>\n<p>Whether you need support for mental health challenges or are looking for guidance with medication management, our nurse practitioners can help.<\/p>\n<p>Ready to take the first step? Contact us today to learn more about how our nurse practitioners or an Ottawa therapist can be of assistance as you pursue your mental health goals. Let&rsquo;s walk this path together, towards a healthier, happier you.<\/p>\n<\/div><\/div><\/div><\/div><\/div><\/p>\n","protected":false},"excerpt":{"rendered":"","protected":false},"author":1,"featured_media":0,"parent":270,"menu_order":0,"comment_status":"closed","ping_status":"closed","template":"100-width.php","meta":{"footnotes":""},"yoast_head":"<!-- This site is optimized with the Yoast SEO plugin v24.5 - https:\/\/yoast.com\/wordpress\/plugins\/seo\/ -->\n<title>Supervision - Excellence in Psychotherapy - OTG<\/title>\n<meta name=\"description\" content=\"Services professionnels de supervision chez OTG. Soutien pour les th\u00e9rapeutes et les conseillers. Planifiez votre session de supervision aujourd&#039;hui.\" \/>\n<meta name=\"robots\" content=\"noindex, follow, max-snippet:-1, max-image-preview:large, max-video-preview:-1\" \/>\n<meta property=\"og:locale\" content=\"fr_CA\" \/>\n<meta property=\"og:type\" content=\"article\" \/>\n<meta property=\"og:title\" content=\"Supervision - Excellence in Psychotherapy - OTG\" \/>\n<meta property=\"og:description\" content=\"Services professionnels de supervision chez OTG. Soutien pour les th\u00e9rapeutes et les conseillers. Planifiez votre session de supervision aujourd&#039;hui.\" \/>\n<meta property=\"og:url\" content=\"https:\/\/www.otg.bluehat.hosting\/fr\/services-fr\/supervision\/\" \/>\n<meta property=\"og:site_name\" content=\"Excellence in Psychotherapy - Ottawa Therapy Group\" \/>\n<meta property=\"article:modified_time\" content=\"2024-06-28T15:45:41+00:00\" \/>\n<meta name=\"twitter:card\" content=\"summary_large_image\" \/>\n<meta name=\"twitter:label1\" content=\"Estimation du temps de lecture\" \/>\n\t<meta name=\"twitter:data1\" content=\"2 minutes\" \/>\n<script type=\"application\/ld+json\" class=\"yoast-schema-graph\">{\"@context\":\"https:\/\/schema.org\",\"@graph\":[{\"@type\":\"WebPage\",\"@id\":\"https:\/\/www.otg.bluehat.hosting\/fr\/services-fr\/supervision\/\",\"url\":\"https:\/\/www.otg.bluehat.hosting\/fr\/services-fr\/supervision\/\",\"name\":\"Supervision - Excellence in Psychotherapy - OTG\",\"isPartOf\":{\"@id\":\"https:\/\/www.otg.bluehat.hosting\/fr\/#website\"},\"datePublished\":\"2024-05-08T17:45:14+00:00\",\"dateModified\":\"2024-06-28T15:45:41+00:00\",\"description\":\"Services professionnels de supervision chez OTG. Soutien pour les th\u00e9rapeutes et les conseillers. Planifiez votre session de supervision aujourd'hui.\",\"breadcrumb\":{\"@id\":\"https:\/\/www.otg.bluehat.hosting\/fr\/services-fr\/supervision\/#breadcrumb\"},\"inLanguage\":\"fr-CA\",\"potentialAction\":[{\"@type\":\"ReadAction\",\"target\":[\"https:\/\/www.otg.bluehat.hosting\/fr\/services-fr\/supervision\/\"]}]},{\"@type\":\"BreadcrumbList\",\"@id\":\"https:\/\/www.otg.bluehat.hosting\/fr\/services-fr\/supervision\/#breadcrumb\",\"itemListElement\":[{\"@type\":\"ListItem\",\"position\":1,\"name\":\"Home\",\"item\":\"https:\/\/www.otg.bluehat.hosting\/fr\/\"},{\"@type\":\"ListItem\",\"position\":2,\"name\":\"Services\",\"item\":\"https:\/\/www.otg.bluehat.hosting\/fr\/services-fr\/\"},{\"@type\":\"ListItem\",\"position\":3,\"name\":\"SUPERVISION\"}]},{\"@type\":\"WebSite\",\"@id\":\"https:\/\/www.otg.bluehat.hosting\/fr\/#website\",\"url\":\"https:\/\/www.otg.bluehat.hosting\/fr\/\",\"name\":\"Excellence in Psychotherapy - Ottawa Therapy Group\",\"description\":\"\",\"potentialAction\":[{\"@type\":\"SearchAction\",\"target\":{\"@type\":\"EntryPoint\",\"urlTemplate\":\"https:\/\/www.otg.bluehat.hosting\/fr\/?s={search_term_string}\"},\"query-input\":{\"@type\":\"PropertyValueSpecification\",\"valueRequired\":true,\"valueName\":\"search_term_string\"}}],\"inLanguage\":\"fr-CA\"}]}<\/script>\n<!-- \/ Yoast SEO plugin. -->","yoast_head_json":{"title":"Supervision - Excellence in Psychotherapy - OTG","description":"Services professionnels de supervision chez OTG. Soutien pour les th\u00e9rapeutes et les conseillers. Planifiez votre session de supervision aujourd'hui.","robots":{"index":"noindex","follow":"follow","max-snippet":"max-snippet:-1","max-image-preview":"max-image-preview:large","max-video-preview":"max-video-preview:-1"},"og_locale":"fr_CA","og_type":"article","og_title":"Supervision - Excellence in Psychotherapy - OTG","og_description":"Services professionnels de supervision chez OTG. Soutien pour les th\u00e9rapeutes et les conseillers. Planifiez votre session de supervision aujourd'hui.","og_url":"https:\/\/www.otg.bluehat.hosting\/fr\/services-fr\/supervision\/","og_site_name":"Excellence in Psychotherapy - Ottawa Therapy Group","article_modified_time":"2024-06-28T15:45:41+00:00","twitter_card":"summary_large_image","twitter_misc":{"Estimation du temps de lecture":"2 minutes"},"schema":{"@context":"https:\/\/schema.org","@graph":[{"@type":"WebPage","@id":"https:\/\/www.otg.bluehat.hosting\/fr\/services-fr\/supervision\/","url":"https:\/\/www.otg.bluehat.hosting\/fr\/services-fr\/supervision\/","name":"Supervision - Excellence in Psychotherapy - OTG","isPartOf":{"@id":"https:\/\/www.otg.bluehat.hosting\/fr\/#website"},"datePublished":"2024-05-08T17:45:14+00:00","dateModified":"2024-06-28T15:45:41+00:00","description":"Services professionnels de supervision chez OTG. Soutien pour les th\u00e9rapeutes et les conseillers. Planifiez votre session de supervision aujourd'hui.","breadcrumb":{"@id":"https:\/\/www.otg.bluehat.hosting\/fr\/services-fr\/supervision\/#breadcrumb"},"inLanguage":"fr-CA","potentialAction":[{"@type":"ReadAction","target":["https:\/\/www.otg.bluehat.hosting\/fr\/services-fr\/supervision\/"]}]},{"@type":"BreadcrumbList","@id":"https:\/\/www.otg.bluehat.hosting\/fr\/services-fr\/supervision\/#breadcrumb","itemListElement":[{"@type":"ListItem","position":1,"name":"Home","item":"https:\/\/www.otg.bluehat.hosting\/fr\/"},{"@type":"ListItem","position":2,"name":"Services","item":"https:\/\/www.otg.bluehat.hosting\/fr\/services-fr\/"},{"@type":"ListItem","position":3,"name":"SUPERVISION"}]},{"@type":"WebSite","@id":"https:\/\/www.otg.bluehat.hosting\/fr\/#website","url":"https:\/\/www.otg.bluehat.hosting\/fr\/","name":"Excellence in Psychotherapy - Ottawa Therapy Group","description":"","potentialAction":[{"@type":"SearchAction","target":{"@type":"EntryPoint","urlTemplate":"https:\/\/www.otg.bluehat.hosting\/fr\/?s={search_term_string}"},"query-input":{"@type":"PropertyValueSpecification","valueRequired":true,"valueName":"search_term_string"}}],"inLanguage":"fr-CA"}]}},"_links":{"self":[{"href":"https:\/\/www.otg.bluehat.hosting\/fr\/wp-json\/wp\/v2\/pages\/389"}],"collection":[{"href":"https:\/\/www.otg.bluehat.hosting\/fr\/wp-json\/wp\/v2\/pages"}],"about":[{"href":"https:\/\/www.otg.bluehat.hosting\/fr\/wp-json\/wp\/v2\/types\/page"}],"author":[{"embeddable":true,"href":"https:\/\/www.otg.bluehat.hosting\/fr\/wp-json\/wp\/v2\/users\/1"}],"replies":[{"embeddable":true,"href":"https:\/\/www.otg.bluehat.hosting\/fr\/wp-json\/wp\/v2\/comments?post=389"}],"version-history":[{"count":2,"href":"https:\/\/www.otg.bluehat.hosting\/fr\/wp-json\/wp\/v2\/pages\/389\/revisions"}],"predecessor-version":[{"id":392,"href":"https:\/\/www.otg.bluehat.hosting\/fr\/wp-json\/wp\/v2\/pages\/389\/revisions\/392"}],"up":[{"embeddable":true,"href":"https:\/\/www.otg.bluehat.hosting\/fr\/wp-json\/wp\/v2\/pages\/270"}],"wp:attachment":[{"href":"https:\/\/www.otg.bluehat.hosting\/fr\/wp-json\/wp\/v2\/media?parent=389"}],"curies":[{"name":"wp","href":"https:\/\/api.w.org\/{rel}","templated":true}]}}