{"id":517,"date":"2024-05-09T13:57:26","date_gmt":"2024-05-09T17:57:26","guid":{"rendered":"https:\/\/www.otg.bluehat.hosting\/resources\/"},"modified":"2024-06-28T12:16:09","modified_gmt":"2024-06-28T16:16:09","slug":"ressources","status":"publish","type":"page","link":"https:\/\/www.otg.bluehat.hosting\/fr\/ressources\/","title":{"rendered":"RESSOURCES"},"content":{"rendered":"<p><div class=\"fusion-fullwidth fullwidth-box fusion-builder-row-1 fusion-flex-container has-pattern-background has-mask-background nonhundred-percent-fullwidth non-hundred-percent-height-scrolling\" style=\"--awb-border-radius-top-left:0px;--awb-border-radius-top-right:0px;--awb-border-radius-bottom-right:0px;--awb-border-radius-bottom-left:0px;--awb-padding-top:70px;--awb-padding-bottom:70px;--awb-background-color:var(--awb-color2);--awb-flex-wrap:wrap;\" ><div class=\"fusion-builder-row fusion-row fusion-flex-align-items-center fusion-flex-justify-content-center fusion-flex-content-wrap\" style=\"max-width:1248px;margin-left: calc(-4% \/ 2 );margin-right: calc(-4% \/ 2 );\"><div class=\"fusion-layout-column fusion_builder_column fusion-builder-column-0 fusion_builder_column_1_1 1_1 fusion-flex-column\" style=\"--awb-bg-size:cover;--awb-width-large:100%;--awb-margin-top-large:0px;--awb-spacing-right-large:1.92%;--awb-margin-bottom-large:20px;--awb-spacing-left-large:1.92%;--awb-width-medium:100%;--awb-order-medium:0;--awb-spacing-right-medium:1.92%;--awb-spacing-left-medium:1.92%;--awb-width-small:100%;--awb-order-small:0;--awb-spacing-right-small:1.92%;--awb-spacing-left-small:1.92%;\" data-scroll-devices=\"small-visibility,medium-visibility,large-visibility\"><div class=\"fusion-column-wrapper fusion-column-has-shadow fusion-flex-justify-content-flex-start fusion-content-layout-column\"><div class=\"fusion-title title fusion-title-1 fusion-title-center fusion-title-text fusion-title-size-two\" style=\"--awb-text-color:var(--awb-color5);--awb-margin-bottom:50px;--awb-sep-color:var(--awb-color8);\"><div class=\"title-sep-container title-sep-container-left\"><div class=\"title-sep sep-single sep-solid\" style=\"border-color:var(--awb-color8);\"><\/div><\/div><span class=\"awb-title-spacer\"><\/span><h2 class=\"fusion-title-heading title-heading-center\" style=\"font-family:&quot;Oswald&quot;;font-style:normal;font-weight:400;margin:0;\">LIVRES RECOMMAND\u00c9S<\/h2><span class=\"awb-title-spacer\"><\/span><div class=\"title-sep-container title-sep-container-right\"><div class=\"title-sep sep-single sep-solid\" style=\"border-color:var(--awb-color8);\"><\/div><\/div><\/div><div class=\"fusion-image-carousel fusion-image-carousel-auto fusion-image-carousel-1\"><div class=\"awb-carousel awb-swiper awb-swiper-carousel\" data-autoplay=\"yes\" data-columns=\"6\" data-itemmargin=\"13\" data-itemwidth=\"180\" data-touchscroll=\"yes\" data-imagesize=\"auto\" style=\"--awb-columns:6;\"><div class=\"swiper-wrapper awb-image-carousel-wrapper fusion-flex-align-items-center\"><div class=\"swiper-slide\"><div class=\"fusion-carousel-item-wrapper\"><div class=\"fusion-image-wrapper hover-type-none\"><img decoding=\"async\" width=\"400\" height=\"504\" src=\"https:\/\/www.otg.bluehat.hosting\/wp-content\/uploads\/2024\/05\/mindfulness-acceptance-workbook-843a173d.webp\" class=\"attachment-full size-full\" alt=\"Mindfulness Acceptance Workbook\" srcset=\"https:\/\/www.otg.bluehat.hosting\/wp-content\/uploads\/2024\/05\/mindfulness-acceptance-workbook-843a173d-200x252.webp 200w, https:\/\/www.otg.bluehat.hosting\/wp-content\/uploads\/2024\/05\/mindfulness-acceptance-workbook-843a173d-238x300.webp 238w, https:\/\/www.otg.bluehat.hosting\/wp-content\/uploads\/2024\/05\/mindfulness-acceptance-workbook-843a173d.webp 400w\" sizes=\"(min-width: 2200px) 100vw, (min-width: 1000px) 189px, (min-width: 928px) 227px, (min-width: 856px) 284px, (min-width: 784px) 378px, (min-width: 712px) 568px, (min-width: 640px) 712px, \" \/><\/div><\/div><\/div><div class=\"swiper-slide\"><div class=\"fusion-carousel-item-wrapper\"><div class=\"fusion-image-wrapper hover-type-none\"><img decoding=\"async\" width=\"400\" height=\"504\" src=\"https:\/\/www.otg.bluehat.hosting\/wp-content\/uploads\/2024\/05\/mindfulness-acceptance-workbook-1-90858df5.webp\" class=\"attachment-full size-full\" alt=\"Mindfulness Acceptance Workbook\" srcset=\"https:\/\/www.otg.bluehat.hosting\/wp-content\/uploads\/2024\/05\/mindfulness-acceptance-workbook-1-90858df5-200x252.webp 200w, https:\/\/www.otg.bluehat.hosting\/wp-content\/uploads\/2024\/05\/mindfulness-acceptance-workbook-1-90858df5-238x300.webp 238w, https:\/\/www.otg.bluehat.hosting\/wp-content\/uploads\/2024\/05\/mindfulness-acceptance-workbook-1-90858df5.webp 400w\" sizes=\"(min-width: 2200px) 100vw, (min-width: 1000px) 189px, (min-width: 928px) 227px, (min-width: 856px) 284px, (min-width: 784px) 378px, (min-width: 712px) 568px, (min-width: 640px) 712px, \" \/><\/div><\/div><\/div><div class=\"swiper-slide\"><div class=\"fusion-carousel-item-wrapper\"><div class=\"fusion-image-wrapper hover-type-none\"><img decoding=\"async\" width=\"400\" height=\"504\" src=\"https:\/\/www.otg.bluehat.hosting\/wp-content\/uploads\/2024\/05\/mind-over-mood-bb58fed0.webp\" class=\"attachment-full size-full\" alt=\"Mind Over Mood\" srcset=\"https:\/\/www.otg.bluehat.hosting\/wp-content\/uploads\/2024\/05\/mind-over-mood-bb58fed0-200x252.webp 200w, https:\/\/www.otg.bluehat.hosting\/wp-content\/uploads\/2024\/05\/mind-over-mood-bb58fed0-238x300.webp 238w, https:\/\/www.otg.bluehat.hosting\/wp-content\/uploads\/2024\/05\/mind-over-mood-bb58fed0.webp 400w\" sizes=\"(min-width: 2200px) 100vw, (min-width: 1000px) 189px, (min-width: 928px) 227px, (min-width: 856px) 284px, (min-width: 784px) 378px, (min-width: 712px) 568px, (min-width: 640px) 712px, \" \/><\/div><\/div><\/div><div class=\"swiper-slide\"><div class=\"fusion-carousel-item-wrapper\"><div class=\"fusion-image-wrapper hover-type-none\"><img decoding=\"async\" width=\"400\" height=\"504\" src=\"https:\/\/www.otg.bluehat.hosting\/wp-content\/uploads\/2024\/05\/love-sense-2b54b27f.webp\" class=\"attachment-full size-full\" alt=\"Love Sense\" srcset=\"https:\/\/www.otg.bluehat.hosting\/wp-content\/uploads\/2024\/05\/love-sense-2b54b27f-200x252.webp 200w, https:\/\/www.otg.bluehat.hosting\/wp-content\/uploads\/2024\/05\/love-sense-2b54b27f-238x300.webp 238w, https:\/\/www.otg.bluehat.hosting\/wp-content\/uploads\/2024\/05\/love-sense-2b54b27f.webp 400w\" sizes=\"(min-width: 2200px) 100vw, (min-width: 1000px) 189px, (min-width: 928px) 227px, (min-width: 856px) 284px, (min-width: 784px) 378px, (min-width: 712px) 568px, (min-width: 640px) 712px, \" \/><\/div><\/div><\/div><div class=\"swiper-slide\"><div class=\"fusion-carousel-item-wrapper\"><div class=\"fusion-image-wrapper hover-type-none\"><img decoding=\"async\" width=\"400\" height=\"504\" src=\"https:\/\/www.otg.bluehat.hosting\/wp-content\/uploads\/2024\/05\/anxiety-phobia-workbook-e452b20d.webp\" class=\"attachment-full size-full\" alt=\"Anxiety Phobia Workbook\" srcset=\"https:\/\/www.otg.bluehat.hosting\/wp-content\/uploads\/2024\/05\/anxiety-phobia-workbook-e452b20d-200x252.webp 200w, https:\/\/www.otg.bluehat.hosting\/wp-content\/uploads\/2024\/05\/anxiety-phobia-workbook-e452b20d-238x300.webp 238w, https:\/\/www.otg.bluehat.hosting\/wp-content\/uploads\/2024\/05\/anxiety-phobia-workbook-e452b20d.webp 400w\" sizes=\"(min-width: 2200px) 100vw, (min-width: 1000px) 189px, (min-width: 928px) 227px, (min-width: 856px) 284px, (min-width: 784px) 378px, (min-width: 712px) 568px, (min-width: 640px) 712px, \" \/><\/div><\/div><\/div><div class=\"swiper-slide\"><div class=\"fusion-carousel-item-wrapper\"><div class=\"fusion-image-wrapper hover-type-none\"><img decoding=\"async\" width=\"400\" height=\"504\" src=\"https:\/\/www.otg.bluehat.hosting\/wp-content\/uploads\/2024\/05\/hold-me-tight-090cd746.webp\" class=\"attachment-full size-full\" alt=\"Hold Me Tight\" srcset=\"https:\/\/www.otg.bluehat.hosting\/wp-content\/uploads\/2024\/05\/hold-me-tight-090cd746-200x252.webp 200w, https:\/\/www.otg.bluehat.hosting\/wp-content\/uploads\/2024\/05\/hold-me-tight-090cd746-238x300.webp 238w, https:\/\/www.otg.bluehat.hosting\/wp-content\/uploads\/2024\/05\/hold-me-tight-090cd746.webp 400w\" sizes=\"(min-width: 2200px) 100vw, (min-width: 1000px) 189px, (min-width: 928px) 227px, (min-width: 856px) 284px, (min-width: 784px) 378px, (min-width: 712px) 568px, (min-width: 640px) 712px, \" \/><\/div><\/div><\/div><\/div><\/div><\/div><\/div><\/div><\/div><\/div><div class=\"fusion-fullwidth fullwidth-box fusion-builder-row-2 fusion-flex-container has-pattern-background has-mask-background nonhundred-percent-fullwidth non-hundred-percent-height-scrolling\" style=\"--awb-border-radius-top-left:0px;--awb-border-radius-top-right:0px;--awb-border-radius-bottom-right:0px;--awb-border-radius-bottom-left:0px;--awb-padding-top:60px;--awb-padding-bottom:60px;--awb-flex-wrap:wrap;\" ><div class=\"fusion-builder-row fusion-row fusion-flex-align-items-flex-start fusion-flex-content-wrap\" style=\"max-width:1248px;margin-left: calc(-4% \/ 2 );margin-right: calc(-4% \/ 2 );\"><div class=\"fusion-layout-column fusion_builder_column fusion-builder-column-1 fusion_builder_column_1_1 1_1 fusion-flex-column\" style=\"--awb-bg-size:cover;--awb-width-large:100%;--awb-margin-top-large:0px;--awb-spacing-right-large:1.92%;--awb-margin-bottom-large:20px;--awb-spacing-left-large:1.92%;--awb-width-medium:100%;--awb-order-medium:0;--awb-spacing-right-medium:1.92%;--awb-spacing-left-medium:1.92%;--awb-width-small:100%;--awb-order-small:0;--awb-spacing-right-small:1.92%;--awb-spacing-left-small:1.92%;\"><div class=\"fusion-column-wrapper fusion-column-has-shadow fusion-flex-justify-content-flex-start fusion-content-layout-column\"><div class=\"fusion-title title fusion-title-2 fusion-title-center fusion-title-text fusion-title-size-two\" style=\"--awb-text-color:var(--awb-color5);--awb-margin-bottom:50px;--awb-sep-color:var(--awb-color8);\"><div class=\"title-sep-container title-sep-container-left\"><div class=\"title-sep sep-single sep-solid\" style=\"border-color:var(--awb-color8);\"><\/div><\/div><span class=\"awb-title-spacer\"><\/span><h2 class=\"fusion-title-heading title-heading-center\" style=\"font-family:&quot;Oswald&quot;;font-style:normal;font-weight:400;margin:0;\">SITES WEB RECOMMAND\u00c9S<\/h2><span class=\"awb-title-spacer\"><\/span><div class=\"title-sep-container title-sep-container-right\"><div class=\"title-sep sep-single sep-solid\" style=\"border-color:var(--awb-color8);\"><\/div><\/div><\/div><\/div><\/div><div class=\"fusion-layout-column fusion_builder_column fusion-builder-column-2 fusion_builder_column_1_2 1_2 fusion-flex-column\" style=\"--awb-bg-size:cover;--awb-width-large:50%;--awb-margin-top-large:0px;--awb-spacing-right-large:3.84%;--awb-margin-bottom-large:20px;--awb-spacing-left-large:3.84%;--awb-width-medium:50%;--awb-order-medium:0;--awb-spacing-right-medium:3.84%;--awb-spacing-left-medium:3.84%;--awb-width-small:100%;--awb-order-small:0;--awb-spacing-right-small:1.92%;--awb-spacing-left-small:1.92%;\"><div class=\"fusion-column-wrapper fusion-column-has-shadow fusion-flex-justify-content-flex-start fusion-content-layout-column\"><div class=\"fusion-text fusion-text-1\" style=\"--awb-font-size:21px;--awb-text-color:var(--awb-color6);--awb-text-font-family:&quot;Oswald&quot;;--awb-text-font-style:normal;--awb-text-font-weight:400;\"><p>FICHES D&rsquo;INFORMATION SUR LA PSYCHOLOGIE<\/p>\n<p>SITE WEB SUR L&rsquo;INSOMNIE FOND\u00c9 SUR DES DONN\u00c9ES PROBANTES<\/p>\n<p>ASSOCIATION AM\u00c9RICAINE POUR L&rsquo;ANXI\u00c9T\u00c9 ET LA D\u00c9PRESSION<\/p>\n<p>LE CENTRE DE D\u00c9TRESSE D&rsquo;OTTAWA<\/p>\n<p>LIGNE DE CRISE<\/p>\n<p>TEL-AIDE OUTAOUAIS<\/p>\n<p>CENTRE D&rsquo;AIDE AUX VICTIMES DE VIOL D&rsquo;OTTAWA<\/p>\n<p>CENTRE D&rsquo;AIDE AUX VICTIMES D&rsquo;AGRESSION SEXUELLE D&rsquo;OTTAWA<\/p>\n<p>RIDEAUWOOD ADDICTION AND FAMILY SERVICES<\/p>\n<p>RENOUVELLEMENT DE LA S\u00c9R\u00c9NIT\u00c9 POUR LES FAMILLES<\/p>\n<p>ASSOCIATION CANADIENNE POUR LA SANT\u00c9 MENTALE<\/p>\n<p>UNIVERSIT\u00c9 SIMON FRASER : CAHIERS D&rsquo;AUTO-ASSISTANCE GRATUITS<\/p>\n<\/div><\/div><\/div><div class=\"fusion-layout-column fusion_builder_column fusion-builder-column-3 fusion_builder_column_1_2 1_2 fusion-flex-column\" style=\"--awb-bg-size:cover;--awb-width-large:50%;--awb-margin-top-large:0px;--awb-spacing-right-large:3.84%;--awb-margin-bottom-large:20px;--awb-spacing-left-large:3.84%;--awb-width-medium:50%;--awb-order-medium:0;--awb-spacing-right-medium:3.84%;--awb-spacing-left-medium:3.84%;--awb-width-small:100%;--awb-order-small:0;--awb-spacing-right-small:1.92%;--awb-spacing-left-small:1.92%;\"><div class=\"fusion-column-wrapper fusion-column-has-shadow fusion-flex-justify-content-flex-start fusion-content-layout-column\"><div class=\"fusion-text fusion-text-2\" style=\"--awb-font-size:21px;--awb-text-font-family:&quot;Oswald&quot;;--awb-text-font-style:normal;--awb-text-font-weight:400;\"><p><a href=\"https:\/\/cpa.ca\/psychologyfactsheets\/\" target=\"_blank\" rel=\"noopener\">https:\/\/cpa.ca\/psychologyfactsheets\/<\/a><\/p>\n<p><a href=\"https:\/\/mysleepwell.ca\" target=\"_blank\" rel=\"noopener\">https:\/\/mysleepwell.ca<\/a><\/p>\n<p><a href=\"https:\/\/adaa.org\" target=\"_blank\" rel=\"noopener\">https:\/\/adaa.org<\/a><\/p>\n<p><a href=\"https:\/\/www.dcottawa.on.ca\" target=\"_blank\" rel=\"noopener\">https:\/\/www.dcottawa.on.ca<\/a><\/p>\n<p><a href=\"http:\/\/www.crisisline.ca\" target=\"_blank\" rel=\"noopener\">http:\/\/www.crisisline.ca<\/a><\/p>\n<p><a href=\"http:\/\/telaideoutaouais.ca\" target=\"_blank\" rel=\"noopener\">http:\/\/telaideoutaouais.ca<\/a><\/p>\n<p><a href=\"http:\/\/www.orcc.net\" target=\"_blank\" rel=\"noopener\">http:\/\/www.orcc.net<\/a><\/p>\n<p><a href=\"https:\/\/sascottawa.com\/\" target=\"_blank\" rel=\"noopener\">https:\/\/sascottawa.com\/<\/a><\/p>\n<p><a href=\"https:\/\/www.rideauwood.org\" target=\"_blank\" rel=\"noopener\">https:\/\/www.rideauwood.org<\/a><\/p>\n<p><a href=\"https:\/\/www.serenityrenewal.ca\" target=\"_blank\" rel=\"noopener\">https:\/\/www.serenityrenewal.ca<\/a><\/p>\n<p><a href=\"https:\/\/cmha.ca\" target=\"_blank\" rel=\"noopener\">https:\/\/cmha.ca<\/a><\/p>\n<p><a href=\"https:\/\/www.sfu.ca\/carmha\/toolsandresources.html\" target=\"_blank\" rel=\"noopener\">https:\/\/www.sfu.ca\/carmha\/toolsandresources.html<\/a><\/p>\n<\/div><\/div><\/div><\/div><\/div><div class=\"fusion-fullwidth fullwidth-box fusion-builder-row-3 fusion-flex-container has-pattern-background has-mask-background nonhundred-percent-fullwidth non-hundred-percent-height-scrolling\" style=\"--awb-border-radius-top-left:0px;--awb-border-radius-top-right:0px;--awb-border-radius-bottom-right:0px;--awb-border-radius-bottom-left:0px;--awb-padding-top:60px;--awb-padding-bottom:60px;--awb-background-color:var(--awb-color2);--awb-flex-wrap:wrap;\" ><div class=\"fusion-builder-row fusion-row fusion-flex-align-items-flex-start fusion-flex-content-wrap\" style=\"max-width:1248px;margin-left: calc(-4% \/ 2 );margin-right: calc(-4% \/ 2 );\"><div class=\"fusion-layout-column fusion_builder_column fusion-builder-column-4 fusion_builder_column_1_1 1_1 fusion-flex-column\" style=\"--awb-bg-size:cover;--awb-width-large:100%;--awb-margin-top-large:0px;--awb-spacing-right-large:1.92%;--awb-margin-bottom-large:20px;--awb-spacing-left-large:1.92%;--awb-width-medium:100%;--awb-order-medium:0;--awb-spacing-right-medium:1.92%;--awb-spacing-left-medium:1.92%;--awb-width-small:100%;--awb-order-small:0;--awb-spacing-right-small:1.92%;--awb-spacing-left-small:1.92%;\"><div class=\"fusion-column-wrapper fusion-column-has-shadow fusion-flex-justify-content-flex-start fusion-content-layout-column\"><div class=\"fusion-title title fusion-title-3 fusion-title-center fusion-title-text fusion-title-size-two\" style=\"--awb-text-color:var(--awb-color5);--awb-margin-bottom:50px;--awb-sep-color:var(--awb-color8);\"><div class=\"title-sep-container title-sep-container-left\"><div class=\"title-sep sep-single sep-solid\" style=\"border-color:var(--awb-color8);\"><\/div><\/div><span class=\"awb-title-spacer\"><\/span><h2 class=\"fusion-title-heading title-heading-center\" style=\"font-family:&quot;Oswald&quot;;font-style:normal;font-weight:400;margin:0;\">APPLICATIONS<\/h2><span class=\"awb-title-spacer\"><\/span><div class=\"title-sep-container title-sep-container-right\"><div class=\"title-sep sep-single sep-solid\" style=\"border-color:var(--awb-color8);\"><\/div><\/div><\/div><\/div><\/div><div class=\"fusion-layout-column fusion_builder_column fusion-builder-column-5 fusion_builder_column_1_1 1_1 fusion-flex-column\" style=\"--awb-bg-size:cover;--awb-width-large:100%;--awb-margin-top-large:0px;--awb-spacing-right-large:1.92%;--awb-margin-bottom-large:20px;--awb-spacing-left-large:1.92%;--awb-width-medium:100%;--awb-order-medium:0;--awb-spacing-right-medium:1.92%;--awb-spacing-left-medium:1.92%;--awb-width-small:100%;--awb-order-small:0;--awb-spacing-right-small:1.92%;--awb-spacing-left-small:1.92%;\"><div class=\"fusion-column-wrapper fusion-column-has-shadow fusion-flex-justify-content-flex-start fusion-content-layout-column\"><div class=\"fusion-text fusion-text-3\" style=\"--awb-font-size:21px;--awb-text-color:var(--awb-color8);--awb-text-font-family:&quot;Oswald&quot;;--awb-text-font-style:normal;--awb-text-font-weight:400;\"><p><span style=\"color: #cbaf81;\">CALME :<\/span> Cette application propose des m\u00e9ditations guid\u00e9es.<\/p>\n<p><span style=\"color: #cbaf81;\">HEADSPACE :<\/span> Cette application propose des m\u00e9ditations guid\u00e9es.<\/p>\n<p><span style=\"color: #cbaf81;\">TRUREACH :<\/span> Cette application propose des le\u00e7ons de th\u00e9rapie cognitivo-comportementale de 5 minutes pour aider a g\u00e9rer les sympt\u00f4mes de d\u00e9pression et d\u2019anxi\u00e9t\u00e9.<\/p>\n<\/div><\/div><\/div><\/div><\/div><\/p>\n","protected":false},"excerpt":{"rendered":"","protected":false},"author":1,"featured_media":0,"parent":0,"menu_order":0,"comment_status":"closed","ping_status":"closed","template":"100-width.php","meta":{"footnotes":""},"yoast_head":"<!-- This site is optimized with the Yoast SEO plugin v24.5 - https:\/\/yoast.com\/wordpress\/plugins\/seo\/ -->\n<title>Ressources - Excellence in Psychotherapy - Ottawa Therapy Group<\/title>\n<meta name=\"description\" content=\"Acc\u00e9dez aux ressources de sant\u00e9 mentale chez OTG. Articles, guides et plus pour soutenir votre bien-\u00eatre. Explorez nos ressources maintenant.\" \/>\n<meta name=\"robots\" content=\"noindex, follow, max-snippet:-1, max-image-preview:large, max-video-preview:-1\" \/>\n<meta property=\"og:locale\" content=\"fr_CA\" \/>\n<meta property=\"og:type\" content=\"article\" \/>\n<meta property=\"og:title\" content=\"Ressources - Excellence in Psychotherapy - Ottawa Therapy Group\" \/>\n<meta property=\"og:description\" content=\"Acc\u00e9dez aux ressources de sant\u00e9 mentale chez OTG. Articles, guides et plus pour soutenir votre bien-\u00eatre. Explorez nos ressources maintenant.\" \/>\n<meta property=\"og:url\" content=\"https:\/\/www.otg.bluehat.hosting\/fr\/ressources\/\" \/>\n<meta property=\"og:site_name\" content=\"Excellence in Psychotherapy - Ottawa Therapy Group\" \/>\n<meta property=\"article:modified_time\" content=\"2024-06-28T16:16:09+00:00\" \/>\n<meta name=\"twitter:card\" content=\"summary_large_image\" \/>\n<meta name=\"twitter:label1\" content=\"Estimation du temps de lecture\" \/>\n\t<meta name=\"twitter:data1\" content=\"2 minutes\" \/>\n<script type=\"application\/ld+json\" class=\"yoast-schema-graph\">{\"@context\":\"https:\/\/schema.org\",\"@graph\":[{\"@type\":\"WebPage\",\"@id\":\"https:\/\/www.otg.bluehat.hosting\/fr\/ressources\/\",\"url\":\"https:\/\/www.otg.bluehat.hosting\/fr\/ressources\/\",\"name\":\"Ressources - Excellence in Psychotherapy - Ottawa Therapy Group\",\"isPartOf\":{\"@id\":\"https:\/\/www.otg.bluehat.hosting\/fr\/#website\"},\"datePublished\":\"2024-05-09T17:57:26+00:00\",\"dateModified\":\"2024-06-28T16:16:09+00:00\",\"description\":\"Acc\u00e9dez aux ressources de sant\u00e9 mentale chez OTG. Articles, guides et plus pour soutenir votre bien-\u00eatre. Explorez nos ressources maintenant.\",\"breadcrumb\":{\"@id\":\"https:\/\/www.otg.bluehat.hosting\/fr\/ressources\/#breadcrumb\"},\"inLanguage\":\"fr-CA\",\"potentialAction\":[{\"@type\":\"ReadAction\",\"target\":[\"https:\/\/www.otg.bluehat.hosting\/fr\/ressources\/\"]}]},{\"@type\":\"BreadcrumbList\",\"@id\":\"https:\/\/www.otg.bluehat.hosting\/fr\/ressources\/#breadcrumb\",\"itemListElement\":[{\"@type\":\"ListItem\",\"position\":1,\"name\":\"Home\",\"item\":\"https:\/\/www.otg.bluehat.hosting\/fr\/\"},{\"@type\":\"ListItem\",\"position\":2,\"name\":\"RESSOURCES\"}]},{\"@type\":\"WebSite\",\"@id\":\"https:\/\/www.otg.bluehat.hosting\/fr\/#website\",\"url\":\"https:\/\/www.otg.bluehat.hosting\/fr\/\",\"name\":\"Excellence in Psychotherapy - Ottawa Therapy Group\",\"description\":\"\",\"potentialAction\":[{\"@type\":\"SearchAction\",\"target\":{\"@type\":\"EntryPoint\",\"urlTemplate\":\"https:\/\/www.otg.bluehat.hosting\/fr\/?s={search_term_string}\"},\"query-input\":{\"@type\":\"PropertyValueSpecification\",\"valueRequired\":true,\"valueName\":\"search_term_string\"}}],\"inLanguage\":\"fr-CA\"}]}<\/script>\n<!-- \/ Yoast SEO plugin. -->","yoast_head_json":{"title":"Ressources - Excellence in Psychotherapy - Ottawa Therapy Group","description":"Acc\u00e9dez aux ressources de sant\u00e9 mentale chez OTG. Articles, guides et plus pour soutenir votre bien-\u00eatre. Explorez nos ressources maintenant.","robots":{"index":"noindex","follow":"follow","max-snippet":"max-snippet:-1","max-image-preview":"max-image-preview:large","max-video-preview":"max-video-preview:-1"},"og_locale":"fr_CA","og_type":"article","og_title":"Ressources - Excellence in Psychotherapy - Ottawa Therapy Group","og_description":"Acc\u00e9dez aux ressources de sant\u00e9 mentale chez OTG. Articles, guides et plus pour soutenir votre bien-\u00eatre. Explorez nos ressources maintenant.","og_url":"https:\/\/www.otg.bluehat.hosting\/fr\/ressources\/","og_site_name":"Excellence in Psychotherapy - Ottawa Therapy Group","article_modified_time":"2024-06-28T16:16:09+00:00","twitter_card":"summary_large_image","twitter_misc":{"Estimation du temps de lecture":"2 minutes"},"schema":{"@context":"https:\/\/schema.org","@graph":[{"@type":"WebPage","@id":"https:\/\/www.otg.bluehat.hosting\/fr\/ressources\/","url":"https:\/\/www.otg.bluehat.hosting\/fr\/ressources\/","name":"Ressources - Excellence in Psychotherapy - Ottawa Therapy Group","isPartOf":{"@id":"https:\/\/www.otg.bluehat.hosting\/fr\/#website"},"datePublished":"2024-05-09T17:57:26+00:00","dateModified":"2024-06-28T16:16:09+00:00","description":"Acc\u00e9dez aux ressources de sant\u00e9 mentale chez OTG. Articles, guides et plus pour soutenir votre bien-\u00eatre. Explorez nos ressources maintenant.","breadcrumb":{"@id":"https:\/\/www.otg.bluehat.hosting\/fr\/ressources\/#breadcrumb"},"inLanguage":"fr-CA","potentialAction":[{"@type":"ReadAction","target":["https:\/\/www.otg.bluehat.hosting\/fr\/ressources\/"]}]},{"@type":"BreadcrumbList","@id":"https:\/\/www.otg.bluehat.hosting\/fr\/ressources\/#breadcrumb","itemListElement":[{"@type":"ListItem","position":1,"name":"Home","item":"https:\/\/www.otg.bluehat.hosting\/fr\/"},{"@type":"ListItem","position":2,"name":"RESSOURCES"}]},{"@type":"WebSite","@id":"https:\/\/www.otg.bluehat.hosting\/fr\/#website","url":"https:\/\/www.otg.bluehat.hosting\/fr\/","name":"Excellence in Psychotherapy - Ottawa Therapy Group","description":"","potentialAction":[{"@type":"SearchAction","target":{"@type":"EntryPoint","urlTemplate":"https:\/\/www.otg.bluehat.hosting\/fr\/?s={search_term_string}"},"query-input":{"@type":"PropertyValueSpecification","valueRequired":true,"valueName":"search_term_string"}}],"inLanguage":"fr-CA"}]}},"_links":{"self":[{"href":"https:\/\/www.otg.bluehat.hosting\/fr\/wp-json\/wp\/v2\/pages\/517"}],"collection":[{"href":"https:\/\/www.otg.bluehat.hosting\/fr\/wp-json\/wp\/v2\/pages"}],"about":[{"href":"https:\/\/www.otg.bluehat.hosting\/fr\/wp-json\/wp\/v2\/types\/page"}],"author":[{"embeddable":true,"href":"https:\/\/www.otg.bluehat.hosting\/fr\/wp-json\/wp\/v2\/users\/1"}],"replies":[{"embeddable":true,"href":"https:\/\/www.otg.bluehat.hosting\/fr\/wp-json\/wp\/v2\/comments?post=517"}],"version-history":[{"count":6,"href":"https:\/\/www.otg.bluehat.hosting\/fr\/wp-json\/wp\/v2\/pages\/517\/revisions"}],"predecessor-version":[{"id":524,"href":"https:\/\/www.otg.bluehat.hosting\/fr\/wp-json\/wp\/v2\/pages\/517\/revisions\/524"}],"wp:attachment":[{"href":"https:\/\/www.otg.bluehat.hosting\/fr\/wp-json\/wp\/v2\/media?parent=517"}],"curies":[{"name":"wp","href":"https:\/\/api.w.org\/{rel}","templated":true}]}}